{"id":10029,"date":"2020-06-22T16:59:37","date_gmt":"2020-06-22T14:59:37","guid":{"rendered":"https:\/\/www.gffb.de\/location\/"},"modified":"2020-10-14T10:31:07","modified_gmt":"2020-10-14T08:31:07","slug":"location","status":"publish","type":"page","link":"https:\/\/alt.gffb.de\/en\/location\/","title":{"rendered":"Location"},"content":{"rendered":"\t\t<div data-elementor-type=\"wp-page\" data-elementor-id=\"10029\" class=\"elementor elementor-10029 elementor-620\" data-elementor-post-type=\"page\">\n\t\t\t\t\t\t<div class=\"elementor-inner\">\n\t\t\t\t<div class=\"elementor-section-wrap\">\n\t\t\t\t\t\t\t\t\t<section class=\"elementor-section elementor-top-section elementor-element elementor-element-19e68ef2 elementor-section-boxed elementor-section-height-default elementor-section-height-default\" data-id=\"19e68ef2\" data-element_type=\"section\" data-settings=\"{&quot;background_background&quot;:&quot;classic&quot;}\">\n\t\t\t\t\t\t<div class=\"elementor-container elementor-column-gap-default\">\n\t\t\t\t\t\t\t<div class=\"elementor-row\">\n\t\t\t\t\t<div class=\"elementor-column elementor-col-100 elementor-top-column elementor-element elementor-element-6097bae3\" data-id=\"6097bae3\" data-element_type=\"column\">\n\t\t\t<div class=\"elementor-column-wrap elementor-element-populated\">\n\t\t\t\t\t\t\t<div class=\"elementor-widget-wrap\">\n\t\t\t\t\t\t<div class=\"elementor-element elementor-element-7a0398ce elementor-widget elementor-widget-spacer\" data-id=\"7a0398ce\" data-element_type=\"widget\" data-widget_type=\"spacer.default\">\n\t\t\t\t<div class=\"elementor-widget-container\">\n\t\t\t\t\t<div class=\"elementor-spacer\">\n\t\t\t<div class=\"elementor-spacer-inner\"><\/div>\n\t\t<\/div>\n\t\t\t\t<\/div>\n\t\t\t\t<\/div>\n\t\t\t\t\t\t<\/div>\n\t\t\t\t\t<\/div>\n\t\t<\/div>\n\t\t\t\t\t\t\t\t<\/div>\n\t\t\t\t\t<\/div>\n\t\t<\/section>\n\t\t\t\t<section class=\"elementor-section elementor-top-section elementor-element elementor-element-76e2f7b0 elementor-section-boxed elementor-section-height-default elementor-section-height-default\" data-id=\"76e2f7b0\" data-element_type=\"section\">\n\t\t\t\t\t\t<div class=\"elementor-container elementor-column-gap-default\">\n\t\t\t\t\t\t\t<div class=\"elementor-row\">\n\t\t\t\t\t<div class=\"elementor-column elementor-col-100 elementor-top-column elementor-element elementor-element-66f9c524\" data-id=\"66f9c524\" data-element_type=\"column\">\n\t\t\t<div class=\"elementor-column-wrap elementor-element-populated\">\n\t\t\t\t\t\t\t<div class=\"elementor-widget-wrap\">\n\t\t\t\t\t\t<div class=\"elementor-element elementor-element-2d6e5a81 elementor-widget elementor-widget-heading\" data-id=\"2d6e5a81\" data-element_type=\"widget\" data-widget_type=\"heading.default\">\n\t\t\t\t<div class=\"elementor-widget-container\">\n\t\t\t<h1 class=\"elementor-heading-title elementor-size-default\">Location<\/h1>\t\t<\/div>\n\t\t\t\t<\/div>\n\t\t\t\t<div class=\"elementor-element elementor-element-4693d8cd elementor-widget elementor-widget-text-editor\" data-id=\"4693d8cd\" data-element_type=\"widget\" data-widget_type=\"text-editor.default\">\n\t\t\t\t<div class=\"elementor-widget-container\">\n\t\t\t\t\t\t\t\t<div class=\"elementor-text-editor elementor-clearfix\">\n\t\t\t\t<p>The GFFB headquarters are located in Mainzer Landstra\u00dfe 349, in the lively and multicultural Frankfurt Gallus.<\/p>\n<p>Thanks to its proximity to the Frankfurt trade fair and various hotels, coupled with our modern seminar rooms, the GFFB rooms are ideal for specialist conferences, training courses and company events.<\/p>\n<p>All of the GFFB gGmbH services, as well as our World Shop, World Caf\u00e9 and the largest open bookcase in Frankfurt are located on Mainzer Landstra\u00dfe.<\/p>\n\t\t\t\t\t<\/div>\n\t\t\t\t\t\t<\/div>\n\t\t\t\t<\/div>\n\t\t\t\t\t\t<\/div>\n\t\t\t\t\t<\/div>\n\t\t<\/div>\n\t\t\t\t\t\t\t\t<\/div>\n\t\t\t\t\t<\/div>\n\t\t<\/section>\n\t\t\t\t<section class=\"elementor-section elementor-top-section elementor-element elementor-element-62e34a64 elementor-section-boxed elementor-section-height-default elementor-section-height-default\" data-id=\"62e34a64\" data-element_type=\"section\">\n\t\t\t\t\t\t<div class=\"elementor-container elementor-column-gap-default\">\n\t\t\t\t\t\t\t<div class=\"elementor-row\">\n\t\t\t\t\t<div class=\"elementor-column elementor-col-50 elementor-top-column elementor-element elementor-element-17e33aa\" data-id=\"17e33aa\" data-element_type=\"column\" data-settings=\"{&quot;background_background&quot;:&quot;classic&quot;}\">\n\t\t\t<div class=\"elementor-column-wrap elementor-element-populated\">\n\t\t\t\t\t\t\t<div class=\"elementor-widget-wrap\">\n\t\t\t\t\t\t<div class=\"elementor-element elementor-element-e0accbe elementor-align-left elementor-icon-list--layout-traditional elementor-list-item-link-full_width elementor-widget elementor-widget-icon-list\" data-id=\"e0accbe\" data-element_type=\"widget\" data-widget_type=\"icon-list.default\">\n\t\t\t\t<div class=\"elementor-widget-container\">\n\t\t\t\t\t<ul class=\"elementor-icon-list-items\">\n\t\t\t\t\t\t\t<li class=\"elementor-icon-list-item\">\n\t\t\t\t\t\t\t\t\t\t<span class=\"elementor-icon-list-text\">Mainzer Landstra\u00dfe 349 <\/span>\n\t\t\t\t\t\t\t\t\t<\/li>\n\t\t\t\t\t\t\t\t<li class=\"elementor-icon-list-item\">\n\t\t\t\t\t\t\t\t\t\t<span class=\"elementor-icon-list-text\">60326 Frankfurt am Main<\/span>\n\t\t\t\t\t\t\t\t\t<\/li>\n\t\t\t\t\t\t<\/ul>\n\t\t\t\t<\/div>\n\t\t\t\t<\/div>\n\t\t\t\t<div class=\"elementor-element elementor-element-c343526 elementor-align-left elementor-icon-list--layout-traditional elementor-list-item-link-full_width elementor-widget elementor-widget-icon-list\" data-id=\"c343526\" data-element_type=\"widget\" data-widget_type=\"icon-list.default\">\n\t\t\t\t<div class=\"elementor-widget-container\">\n\t\t\t\t\t<ul class=\"elementor-icon-list-items\">\n\t\t\t\t\t\t\t<li class=\"elementor-icon-list-item\">\n\t\t\t\t\t\t\t\t\t\t\t<a href=\"tel:+49699510970\">\n\n\t\t\t\t\t\t\t\t\t\t\t\t<span class=\"elementor-icon-list-icon\">\n\t\t\t\t\t\t\t<i aria-hidden=\"true\" class=\"fas fa-phone-alt\"><\/i>\t\t\t\t\t\t<\/span>\n\t\t\t\t\t\t\t\t\t\t<span class=\"elementor-icon-list-text\">069 951097-0<\/span>\n\t\t\t\t\t\t\t\t\t\t\t<\/a>\n\t\t\t\t\t\t\t\t\t<\/li>\n\t\t\t\t\t\t\t\t<li class=\"elementor-icon-list-item\">\n\t\t\t\t\t\t\t\t\t\t\t<a href=\"mailto:info@gffb.de\">\n\n\t\t\t\t\t\t\t\t\t\t\t\t<span class=\"elementor-icon-list-icon\">\n\t\t\t\t\t\t\t<i aria-hidden=\"true\" class=\"far fa-envelope\"><\/i>\t\t\t\t\t\t<\/span>\n\t\t\t\t\t\t\t\t\t\t<span class=\"elementor-icon-list-text\">info@gffb.de<\/span>\n\t\t\t\t\t\t\t\t\t\t\t<\/a>\n\t\t\t\t\t\t\t\t\t<\/li>\n\t\t\t\t\t\t<\/ul>\n\t\t\t\t<\/div>\n\t\t\t\t<\/div>\n\t\t\t\t<div class=\"elementor-element elementor-element-1ef1e07 elementor-widget elementor-widget-google_maps\" data-id=\"1ef1e07\" data-element_type=\"widget\" data-widget_type=\"google_maps.default\">\n\t\t\t\t<div class=\"elementor-widget-container\">\n\t\t\t\t\t<div class=\"elementor-custom-embed\">\n\t\t\t<iframe loading=\"lazy\"\n\t\t\t\t\tsrc=\"https:\/\/maps.google.com\/maps?q=Mainzer%20Landstra%C3%9Fe%20349%2060326%20Frankfurt%20am%20Main&#038;t=m&#038;z=10&#038;output=embed&#038;iwloc=near\"\n\t\t\t\t\ttitle=\"Mainzer Landstra\u00dfe 349 60326 Frankfurt am Main\"\n\t\t\t\t\taria-label=\"Mainzer Landstra\u00dfe 349 60326 Frankfurt am Main\"\n\t\t\t><\/iframe>\n\t\t<\/div>\n\t\t\t\t<\/div>\n\t\t\t\t<\/div>\n\t\t\t\t\t\t<\/div>\n\t\t\t\t\t<\/div>\n\t\t<\/div>\n\t\t\t\t<div class=\"elementor-column elementor-col-50 elementor-top-column elementor-element elementor-element-0f6eb6c\" data-id=\"0f6eb6c\" data-element_type=\"column\" data-settings=\"{&quot;background_background&quot;:&quot;classic&quot;}\">\n\t\t\t<div class=\"elementor-column-wrap\">\n\t\t\t\t\t\t\t<div class=\"elementor-widget-wrap\">\n\t\t\t\t\t\t\t\t<\/div>\n\t\t\t\t\t<\/div>\n\t\t<\/div>\n\t\t\t\t\t\t\t\t<\/div>\n\t\t\t\t\t<\/div>\n\t\t<\/section>\n\t\t\t\t\t\t\t\t\t<\/div>\n\t\t\t<\/div>\n\t\t\t\t\t<\/div>\n\t\t","protected":false},"excerpt":{"rendered":"<p>Location The GFFB headquarters are located in Mainzer Landstra\u00dfe 349, in the lively and multicultural Frankfurt Gallus. Thanks to its proximity to the Frankfurt trade fair and various hotels, coupled with our modern seminar rooms, the GFFB rooms are ideal for specialist conferences, training courses and company events. All of the GFFB gGmbH services, as [&hellip;]<\/p>\n","protected":false},"author":13,"featured_media":4257,"parent":0,"menu_order":0,"comment_status":"closed","ping_status":"closed","template":"","meta":[],"yoast_head":"<!-- This site is optimized with the Yoast SEO plugin v20.9 - https:\/\/yoast.com\/wordpress\/plugins\/seo\/ -->\n<title>Location - GFFB gGmbH Frankfurt<\/title>\n<meta name=\"robots\" content=\"index, follow, max-snippet:-1, max-image-preview:large, max-video-preview:-1\" \/>\n<link rel=\"canonical\" href=\"https:\/\/alt.gffb.de\/standorte\/\" \/>\n<meta property=\"og:locale\" content=\"en_US\" \/>\n<meta property=\"og:type\" content=\"article\" \/>\n<meta property=\"og:title\" content=\"Location - GFFB gGmbH Frankfurt\" \/>\n<meta property=\"og:description\" content=\"Location The GFFB headquarters are located in Mainzer Landstra\u00dfe 349, in the lively and multicultural Frankfurt Gallus. Thanks to its proximity to the Frankfurt trade fair and various hotels, coupled with our modern seminar rooms, the GFFB rooms are ideal for specialist conferences, training courses and company events. All of the GFFB gGmbH services, as [&hellip;]\" \/>\n<meta property=\"og:url\" content=\"https:\/\/alt.gffb.de\/standorte\/\" \/>\n<meta property=\"og:site_name\" content=\"GFFB gGmbH Frankfurt\" \/>\n<meta property=\"article:publisher\" content=\"https:\/\/de-de.facebook.com\/pages\/category\/Nonprofit-Organization\/GFFB-gemeinn%c3%bctzige-GmbH-133859759976937\/\" \/>\n<meta property=\"article:modified_time\" content=\"2020-10-14T08:31:07+00:00\" \/>\n<meta property=\"og:image\" content=\"https:\/\/alt.gffb.de\/wp-content\/uploads\/2019\/06\/1_GFFB.jpg\" \/>\n\t<meta property=\"og:image:width\" content=\"500\" \/>\n\t<meta property=\"og:image:height\" content=\"345\" \/>\n\t<meta property=\"og:image:type\" content=\"image\/jpeg\" \/>\n<meta name=\"twitter:card\" content=\"summary_large_image\" \/>\n<meta name=\"twitter:site\" content=\"@gffbfrankfurt\" \/>\n<script type=\"application\/ld+json\" class=\"yoast-schema-graph\">{\"@context\":\"https:\/\/schema.org\",\"@graph\":[{\"@type\":\"WebPage\",\"@id\":\"https:\/\/alt.gffb.de\/standorte\/\",\"url\":\"https:\/\/alt.gffb.de\/standorte\/\",\"name\":\"Location - GFFB gGmbH Frankfurt\",\"isPartOf\":{\"@id\":\"https:\/\/alt.gffb.de\/#website\"},\"datePublished\":\"2020-06-22T14:59:37+00:00\",\"dateModified\":\"2020-10-14T08:31:07+00:00\",\"breadcrumb\":{\"@id\":\"https:\/\/alt.gffb.de\/standorte\/#breadcrumb\"},\"inLanguage\":\"en-US\",\"potentialAction\":[{\"@type\":\"ReadAction\",\"target\":[\"https:\/\/alt.gffb.de\/standorte\/\"]}]},{\"@type\":\"BreadcrumbList\",\"@id\":\"https:\/\/alt.gffb.de\/standorte\/#breadcrumb\",\"itemListElement\":[{\"@type\":\"ListItem\",\"position\":1,\"name\":\"Startseite\",\"item\":\"https:\/\/alt.gffb.de\/\"},{\"@type\":\"ListItem\",\"position\":2,\"name\":\"Location\"}]},{\"@type\":\"WebSite\",\"@id\":\"https:\/\/alt.gffb.de\/#website\",\"url\":\"https:\/\/alt.gffb.de\/\",\"name\":\"GFFB gGmbH Frankfurt\",\"description\":\"Bildungs- und Beratungsunternehmen in Frankfurt am Main. Die GFFB bietet vielf\u00e4ltige Angebote f\u00fcr Frankfurter Familien, Unternehmen und G\u00e4ste der Stadt.\",\"publisher\":{\"@id\":\"https:\/\/alt.gffb.de\/#organization\"},\"potentialAction\":[{\"@type\":\"SearchAction\",\"target\":{\"@type\":\"EntryPoint\",\"urlTemplate\":\"https:\/\/alt.gffb.de\/?s={search_term_string}\"},\"query-input\":\"required name=search_term_string\"}],\"inLanguage\":\"en-US\"},{\"@type\":\"Organization\",\"@id\":\"https:\/\/alt.gffb.de\/#organization\",\"name\":\"GFFB gGmbH Frankfurt\",\"url\":\"https:\/\/alt.gffb.de\/\",\"logo\":{\"@type\":\"ImageObject\",\"inLanguage\":\"en-US\",\"@id\":\"https:\/\/alt.gffb.de\/#\/schema\/logo\/image\/\",\"url\":\"https:\/\/www.gffb.de\/wp-content\/uploads\/2019\/11\/GFFB-standort.jpg\",\"contentUrl\":\"https:\/\/www.gffb.de\/wp-content\/uploads\/2019\/11\/GFFB-standort.jpg\",\"width\":144,\"height\":142,\"caption\":\"GFFB gGmbH Frankfurt\"},\"image\":{\"@id\":\"https:\/\/alt.gffb.de\/#\/schema\/logo\/image\/\"},\"sameAs\":[\"https:\/\/de-de.facebook.com\/pages\/category\/Nonprofit-Organization\/GFFB-gemeinn\u00fctzige-GmbH-133859759976937\/\",\"https:\/\/twitter.com\/gffbfrankfurt\",\"https:\/\/www.instagram.com\/gffb_gemeinnuetzige_gmbh\/\",\"https:\/\/www.pinterest.de\/gffb_frankfurt\/\",\"https:\/\/www.youtube.com\/channel\/UCwSay9PlSLSWt3F41Diq2ww\/videos\"]}]}<\/script>\n<!-- \/ Yoast SEO plugin. -->","yoast_head_json":{"title":"Location - GFFB gGmbH Frankfurt","robots":{"index":"index","follow":"follow","max-snippet":"max-snippet:-1","max-image-preview":"max-image-preview:large","max-video-preview":"max-video-preview:-1"},"canonical":"https:\/\/alt.gffb.de\/standorte\/","og_locale":"en_US","og_type":"article","og_title":"Location - GFFB gGmbH Frankfurt","og_description":"Location The GFFB headquarters are located in Mainzer Landstra\u00dfe 349, in the lively and multicultural Frankfurt Gallus. Thanks to its proximity to the Frankfurt trade fair and various hotels, coupled with our modern seminar rooms, the GFFB rooms are ideal for specialist conferences, training courses and company events. All of the GFFB gGmbH services, as [&hellip;]","og_url":"https:\/\/alt.gffb.de\/standorte\/","og_site_name":"GFFB gGmbH Frankfurt","article_publisher":"https:\/\/de-de.facebook.com\/pages\/category\/Nonprofit-Organization\/GFFB-gemeinn%c3%bctzige-GmbH-133859759976937\/","article_modified_time":"2020-10-14T08:31:07+00:00","og_image":[{"width":500,"height":345,"url":"https:\/\/alt.gffb.de\/wp-content\/uploads\/2019\/06\/1_GFFB.jpg","type":"image\/jpeg"}],"twitter_card":"summary_large_image","twitter_site":"@gffbfrankfurt","schema":{"@context":"https:\/\/schema.org","@graph":[{"@type":"WebPage","@id":"https:\/\/alt.gffb.de\/standorte\/","url":"https:\/\/alt.gffb.de\/standorte\/","name":"Location - GFFB gGmbH Frankfurt","isPartOf":{"@id":"https:\/\/alt.gffb.de\/#website"},"datePublished":"2020-06-22T14:59:37+00:00","dateModified":"2020-10-14T08:31:07+00:00","breadcrumb":{"@id":"https:\/\/alt.gffb.de\/standorte\/#breadcrumb"},"inLanguage":"en-US","potentialAction":[{"@type":"ReadAction","target":["https:\/\/alt.gffb.de\/standorte\/"]}]},{"@type":"BreadcrumbList","@id":"https:\/\/alt.gffb.de\/standorte\/#breadcrumb","itemListElement":[{"@type":"ListItem","position":1,"name":"Startseite","item":"https:\/\/alt.gffb.de\/"},{"@type":"ListItem","position":2,"name":"Location"}]},{"@type":"WebSite","@id":"https:\/\/alt.gffb.de\/#website","url":"https:\/\/alt.gffb.de\/","name":"GFFB gGmbH Frankfurt","description":"Bildungs- und Beratungsunternehmen in Frankfurt am Main. Die GFFB bietet vielf\u00e4ltige Angebote f\u00fcr Frankfurter Familien, Unternehmen und G\u00e4ste der Stadt.","publisher":{"@id":"https:\/\/alt.gffb.de\/#organization"},"potentialAction":[{"@type":"SearchAction","target":{"@type":"EntryPoint","urlTemplate":"https:\/\/alt.gffb.de\/?s={search_term_string}"},"query-input":"required name=search_term_string"}],"inLanguage":"en-US"},{"@type":"Organization","@id":"https:\/\/alt.gffb.de\/#organization","name":"GFFB gGmbH Frankfurt","url":"https:\/\/alt.gffb.de\/","logo":{"@type":"ImageObject","inLanguage":"en-US","@id":"https:\/\/alt.gffb.de\/#\/schema\/logo\/image\/","url":"https:\/\/www.gffb.de\/wp-content\/uploads\/2019\/11\/GFFB-standort.jpg","contentUrl":"https:\/\/www.gffb.de\/wp-content\/uploads\/2019\/11\/GFFB-standort.jpg","width":144,"height":142,"caption":"GFFB gGmbH Frankfurt"},"image":{"@id":"https:\/\/alt.gffb.de\/#\/schema\/logo\/image\/"},"sameAs":["https:\/\/de-de.facebook.com\/pages\/category\/Nonprofit-Organization\/GFFB-gemeinn\u00fctzige-GmbH-133859759976937\/","https:\/\/twitter.com\/gffbfrankfurt","https:\/\/www.instagram.com\/gffb_gemeinnuetzige_gmbh\/","https:\/\/www.pinterest.de\/gffb_frankfurt\/","https:\/\/www.youtube.com\/channel\/UCwSay9PlSLSWt3F41Diq2ww\/videos"]}]}},"_links":{"self":[{"href":"https:\/\/alt.gffb.de\/en\/wp-json\/wp\/v2\/pages\/10029"}],"collection":[{"href":"https:\/\/alt.gffb.de\/en\/wp-json\/wp\/v2\/pages"}],"about":[{"href":"https:\/\/alt.gffb.de\/en\/wp-json\/wp\/v2\/types\/page"}],"author":[{"embeddable":true,"href":"https:\/\/alt.gffb.de\/en\/wp-json\/wp\/v2\/users\/13"}],"replies":[{"embeddable":true,"href":"https:\/\/alt.gffb.de\/en\/wp-json\/wp\/v2\/comments?post=10029"}],"version-history":[{"count":6,"href":"https:\/\/alt.gffb.de\/en\/wp-json\/wp\/v2\/pages\/10029\/revisions"}],"predecessor-version":[{"id":11890,"href":"https:\/\/alt.gffb.de\/en\/wp-json\/wp\/v2\/pages\/10029\/revisions\/11890"}],"wp:featuredmedia":[{"embeddable":true,"href":"https:\/\/alt.gffb.de\/en\/wp-json\/wp\/v2\/media\/4257"}],"wp:attachment":[{"href":"https:\/\/alt.gffb.de\/en\/wp-json\/wp\/v2\/media?parent=10029"}],"curies":[{"name":"wp","href":"https:\/\/api.w.org\/{rel}","templated":true}]}}