{"id":10074,"date":"2020-06-23T11:06:31","date_gmt":"2020-06-23T09:06:31","guid":{"rendered":"https:\/\/www.gffb.de\/services\/coaching\/"},"modified":"2020-06-23T11:09:15","modified_gmt":"2020-06-23T09:09:15","slug":"coaching","status":"publish","type":"page","link":"https:\/\/alt.gffb.de\/en\/services\/coaching\/","title":{"rendered":"Coaching"},"content":{"rendered":"\t\t<div data-elementor-type=\"wp-page\" data-elementor-id=\"10074\" class=\"elementor elementor-10074 elementor-724\" data-elementor-post-type=\"page\">\n\t\t\t\t\t\t<div class=\"elementor-inner\">\n\t\t\t\t<div class=\"elementor-section-wrap\">\n\t\t\t\t\t\t\t\t\t<section class=\"elementor-section elementor-top-section elementor-element elementor-element-5fb4ec11 elementor-section-boxed elementor-section-height-default elementor-section-height-default\" data-id=\"5fb4ec11\" data-element_type=\"section\" data-settings=\"{&quot;background_background&quot;:&quot;classic&quot;}\">\n\t\t\t\t\t\t<div class=\"elementor-container elementor-column-gap-default\">\n\t\t\t\t\t\t\t<div class=\"elementor-row\">\n\t\t\t\t\t<div class=\"elementor-column elementor-col-100 elementor-top-column elementor-element elementor-element-52ddc642\" data-id=\"52ddc642\" data-element_type=\"column\">\n\t\t\t<div class=\"elementor-column-wrap elementor-element-populated\">\n\t\t\t\t\t\t\t<div class=\"elementor-widget-wrap\">\n\t\t\t\t\t\t<div class=\"elementor-element elementor-element-11293465 elementor-widget elementor-widget-spacer\" data-id=\"11293465\" data-element_type=\"widget\" data-widget_type=\"spacer.default\">\n\t\t\t\t<div class=\"elementor-widget-container\">\n\t\t\t\t\t<div class=\"elementor-spacer\">\n\t\t\t<div class=\"elementor-spacer-inner\"><\/div>\n\t\t<\/div>\n\t\t\t\t<\/div>\n\t\t\t\t<\/div>\n\t\t\t\t\t\t<\/div>\n\t\t\t\t\t<\/div>\n\t\t<\/div>\n\t\t\t\t\t\t\t\t<\/div>\n\t\t\t\t\t<\/div>\n\t\t<\/section>\n\t\t\t\t<section class=\"elementor-section elementor-top-section elementor-element elementor-element-4dbe3434 elementor-section-boxed elementor-section-height-default elementor-section-height-default\" data-id=\"4dbe3434\" data-element_type=\"section\">\n\t\t\t\t\t\t<div class=\"elementor-container elementor-column-gap-default\">\n\t\t\t\t\t\t\t<div class=\"elementor-row\">\n\t\t\t\t\t<div class=\"elementor-column elementor-col-100 elementor-top-column elementor-element elementor-element-29ab682c\" data-id=\"29ab682c\" data-element_type=\"column\">\n\t\t\t<div class=\"elementor-column-wrap elementor-element-populated\">\n\t\t\t\t\t\t\t<div class=\"elementor-widget-wrap\">\n\t\t\t\t\t\t<div class=\"elementor-element elementor-element-56665ed9 elementor-widget elementor-widget-heading\" data-id=\"56665ed9\" data-element_type=\"widget\" data-widget_type=\"heading.default\">\n\t\t\t\t<div class=\"elementor-widget-container\">\n\t\t\t<h1 class=\"elementor-heading-title elementor-size-default\">Coaching<\/h1>\t\t<\/div>\n\t\t\t\t<\/div>\n\t\t\t\t\t\t<\/div>\n\t\t\t\t\t<\/div>\n\t\t<\/div>\n\t\t\t\t\t\t\t\t<\/div>\n\t\t\t\t\t<\/div>\n\t\t<\/section>\n\t\t\t\t<section class=\"elementor-section elementor-top-section elementor-element elementor-element-8ba4925 elementor-section-boxed elementor-section-height-default elementor-section-height-default\" data-id=\"8ba4925\" data-element_type=\"section\">\n\t\t\t\t\t\t<div class=\"elementor-container elementor-column-gap-default\">\n\t\t\t\t\t\t\t<div class=\"elementor-row\">\n\t\t\t\t\t<div class=\"elementor-column elementor-col-100 elementor-top-column elementor-element elementor-element-712b597\" data-id=\"712b597\" data-element_type=\"column\">\n\t\t\t<div class=\"elementor-column-wrap elementor-element-populated\">\n\t\t\t\t\t\t\t<div class=\"elementor-widget-wrap\">\n\t\t\t\t\t\t<div class=\"elementor-element elementor-element-2216635 elementor-widget elementor-widget-image\" data-id=\"2216635\" data-element_type=\"widget\" data-widget_type=\"image.default\">\n\t\t\t\t<div class=\"elementor-widget-container\">\n\t\t\t\t\t\t\t\t<div class=\"elementor-image\">\n\t\t\t\t\t\t\t\t\t\t\t\t<img decoding=\"async\" width=\"300\" height=\"200\" src=\"https:\/\/alt.gffb.de\/wp-content\/uploads\/2020\/02\/gffb-coaching-300x200.jpg\" class=\"attachment-medium size-medium wp-image-4561\" alt=\"\" loading=\"lazy\" srcset=\"https:\/\/alt.gffb.de\/wp-content\/uploads\/2020\/02\/gffb-coaching-300x200.jpg 300w, https:\/\/alt.gffb.de\/wp-content\/uploads\/2020\/02\/gffb-coaching.jpg 600w\" sizes=\"(max-width: 300px) 100vw, 300px\" \/>\t\t\t\t\t\t\t\t\t\t\t\t\t\t<\/div>\n\t\t\t\t\t\t<\/div>\n\t\t\t\t<\/div>\n\t\t\t\t\t\t<\/div>\n\t\t\t\t\t<\/div>\n\t\t<\/div>\n\t\t\t\t\t\t\t\t<\/div>\n\t\t\t\t\t<\/div>\n\t\t<\/section>\n\t\t\t\t<section class=\"elementor-section elementor-top-section elementor-element elementor-element-7a4cdd8 elementor-section-boxed elementor-section-height-default elementor-section-height-default\" data-id=\"7a4cdd8\" data-element_type=\"section\">\n\t\t\t\t\t\t<div class=\"elementor-container elementor-column-gap-default\">\n\t\t\t\t\t\t\t<div class=\"elementor-row\">\n\t\t\t\t\t<div class=\"elementor-column elementor-col-100 elementor-top-column elementor-element elementor-element-194d14be\" data-id=\"194d14be\" data-element_type=\"column\">\n\t\t\t<div class=\"elementor-column-wrap elementor-element-populated\">\n\t\t\t\t\t\t\t<div class=\"elementor-widget-wrap\">\n\t\t\t\t\t\t<section class=\"elementor-section elementor-inner-section elementor-element elementor-element-4d4856e8 elementor-section-boxed elementor-section-height-default elementor-section-height-default\" data-id=\"4d4856e8\" data-element_type=\"section\">\n\t\t\t\t\t\t<div class=\"elementor-container elementor-column-gap-default\">\n\t\t\t\t\t\t\t<div class=\"elementor-row\">\n\t\t\t\t\t<div class=\"elementor-column elementor-col-50 elementor-inner-column elementor-element elementor-element-199fe421\" data-id=\"199fe421\" data-element_type=\"column\">\n\t\t\t<div class=\"elementor-column-wrap elementor-element-populated\">\n\t\t\t\t\t\t\t<div class=\"elementor-widget-wrap\">\n\t\t\t\t\t\t<div class=\"elementor-element elementor-element-1014261 elementor-widget elementor-widget-text-editor\" data-id=\"1014261\" data-element_type=\"widget\" data-widget_type=\"text-editor.default\">\n\t\t\t\t<div class=\"elementor-widget-container\">\n\t\t\t\t\t\t\t\t<div class=\"elementor-text-editor elementor-clearfix\">\n\t\t\t\t<p>Welcome to the coaching area of the GFFB gGmbH! Systemic coaching has been established for many years as a recognized method of accompanying people in change processes of all kinds.<\/p>\n\t\t\t\t\t<\/div>\n\t\t\t\t\t\t<\/div>\n\t\t\t\t<\/div>\n\t\t\t\t\t\t<\/div>\n\t\t\t\t\t<\/div>\n\t\t<\/div>\n\t\t\t\t<div class=\"elementor-column elementor-col-50 elementor-inner-column elementor-element elementor-element-25bc9c2\" data-id=\"25bc9c2\" data-element_type=\"column\" data-settings=\"{&quot;background_background&quot;:&quot;classic&quot;}\">\n\t\t\t<div class=\"elementor-column-wrap elementor-element-populated\">\n\t\t\t\t\t\t\t<div class=\"elementor-widget-wrap\">\n\t\t\t\t\t\t<div class=\"elementor-element elementor-element-fd9ef88 elementor-widget elementor-widget-heading\" data-id=\"fd9ef88\" data-element_type=\"widget\" data-widget_type=\"heading.default\">\n\t\t\t\t<div class=\"elementor-widget-container\">\n\t\t\t<h6 class=\"elementor-heading-title elementor-size-default\">Contact<\/h6>\t\t<\/div>\n\t\t\t\t<\/div>\n\t\t\t\t<div class=\"elementor-element elementor-element-50f4931 elementor-align-left elementor-icon-list--layout-traditional elementor-list-item-link-full_width elementor-widget elementor-widget-icon-list\" data-id=\"50f4931\" data-element_type=\"widget\" data-widget_type=\"icon-list.default\">\n\t\t\t\t<div class=\"elementor-widget-container\">\n\t\t\t\t\t<ul class=\"elementor-icon-list-items\">\n\t\t\t\t\t\t\t<li class=\"elementor-icon-list-item\">\n\t\t\t\t\t\t\t\t\t\t\t<a href=\"tel:+4969951097113\">\n\n\t\t\t\t\t\t\t\t\t\t\t\t<span class=\"elementor-icon-list-icon\">\n\t\t\t\t\t\t\t<i aria-hidden=\"true\" class=\"fas fa-phone-alt\"><\/i>\t\t\t\t\t\t<\/span>\n\t\t\t\t\t\t\t\t\t\t<span class=\"elementor-icon-list-text\">069 951097-113<\/span>\n\t\t\t\t\t\t\t\t\t\t\t<\/a>\n\t\t\t\t\t\t\t\t\t<\/li>\n\t\t\t\t\t\t<\/ul>\n\t\t\t\t<\/div>\n\t\t\t\t<\/div>\n\t\t\t\t<div class=\"elementor-element elementor-element-20799bf elementor-widget elementor-widget-image\" data-id=\"20799bf\" data-element_type=\"widget\" data-widget_type=\"image.default\">\n\t\t\t\t<div class=\"elementor-widget-container\">\n\t\t\t\t\t\t\t\t<div class=\"elementor-image\">\n\t\t\t\t\t\t\t\t\t\t\t\t<img decoding=\"async\" width=\"800\" height=\"33\" src=\"https:\/\/alt.gffb.de\/wp-content\/uploads\/2020\/02\/Farben-1024x42.jpg\" class=\"attachment-large size-large wp-image-4556\" alt=\"\" loading=\"lazy\" srcset=\"https:\/\/alt.gffb.de\/wp-content\/uploads\/2020\/02\/Farben-1024x42.jpg 1024w, https:\/\/alt.gffb.de\/wp-content\/uploads\/2020\/02\/Farben-300x12.jpg 300w, https:\/\/alt.gffb.de\/wp-content\/uploads\/2020\/02\/Farben-768x31.jpg 768w, https:\/\/alt.gffb.de\/wp-content\/uploads\/2020\/02\/Farben-1536x63.jpg 1536w, https:\/\/alt.gffb.de\/wp-content\/uploads\/2020\/02\/Farben.jpg 1976w\" sizes=\"(max-width: 800px) 100vw, 800px\" \/>\t\t\t\t\t\t\t\t\t\t\t\t\t\t<\/div>\n\t\t\t\t\t\t<\/div>\n\t\t\t\t<\/div>\n\t\t\t\t\t\t<\/div>\n\t\t\t\t\t<\/div>\n\t\t<\/div>\n\t\t\t\t\t\t\t\t<\/div>\n\t\t\t\t\t<\/div>\n\t\t<\/section>\n\t\t\t\t\t\t<\/div>\n\t\t\t\t\t<\/div>\n\t\t<\/div>\n\t\t\t\t\t\t\t\t<\/div>\n\t\t\t\t\t<\/div>\n\t\t<\/section>\n\t\t\t\t<section class=\"elementor-section elementor-top-section elementor-element elementor-element-a33b9b0 elementor-section-boxed elementor-section-height-default elementor-section-height-default\" data-id=\"a33b9b0\" data-element_type=\"section\">\n\t\t\t\t\t\t<div class=\"elementor-container elementor-column-gap-default\">\n\t\t\t\t\t\t\t<div class=\"elementor-row\">\n\t\t\t\t\t<div class=\"elementor-column elementor-col-100 elementor-top-column elementor-element elementor-element-96e105f\" data-id=\"96e105f\" data-element_type=\"column\">\n\t\t\t<div class=\"elementor-column-wrap elementor-element-populated\">\n\t\t\t\t\t\t\t<div class=\"elementor-widget-wrap\">\n\t\t\t\t\t\t<div class=\"elementor-element elementor-element-f724d79 elementor-widget elementor-widget-text-editor\" data-id=\"f724d79\" data-element_type=\"widget\" data-widget_type=\"text-editor.default\">\n\t\t\t\t<div class=\"elementor-widget-container\">\n\t\t\t\t\t\t\t\t<div class=\"elementor-text-editor elementor-clearfix\">\n\t\t\t\t<h5>Online Coachings<\/h5>\n\t\t\t\t\t<\/div>\n\t\t\t\t\t\t<\/div>\n\t\t\t\t<\/div>\n\t\t\t\t\t\t<\/div>\n\t\t\t\t\t<\/div>\n\t\t<\/div>\n\t\t\t\t\t\t\t\t<\/div>\n\t\t\t\t\t<\/div>\n\t\t<\/section>\n\t\t\t\t<section class=\"elementor-section elementor-top-section elementor-element elementor-element-e5fb58d elementor-section-boxed elementor-section-height-default elementor-section-height-default\" data-id=\"e5fb58d\" data-element_type=\"section\">\n\t\t\t\t\t\t<div class=\"elementor-container elementor-column-gap-default\">\n\t\t\t\t\t\t\t<div class=\"elementor-row\">\n\t\t\t\t\t<div class=\"elementor-column elementor-col-100 elementor-top-column elementor-element elementor-element-a032f0b\" data-id=\"a032f0b\" data-element_type=\"column\">\n\t\t\t<div class=\"elementor-column-wrap elementor-element-populated\">\n\t\t\t\t\t\t\t<div class=\"elementor-widget-wrap\">\n\t\t\t\t\t\t<section class=\"elementor-section elementor-inner-section elementor-element elementor-element-4ea7481 elementor-section-boxed elementor-section-height-default elementor-section-height-default\" data-id=\"4ea7481\" data-element_type=\"section\">\n\t\t\t\t\t\t<div class=\"elementor-container elementor-column-gap-default\">\n\t\t\t\t\t\t\t<div class=\"elementor-row\">\n\t\t\t\t\t<div class=\"elementor-column elementor-col-50 elementor-inner-column elementor-element elementor-element-b75ed6b\" data-id=\"b75ed6b\" data-element_type=\"column\">\n\t\t\t<div class=\"elementor-column-wrap elementor-element-populated\">\n\t\t\t\t\t\t\t<div class=\"elementor-widget-wrap\">\n\t\t\t\t\t\t<div class=\"elementor-element elementor-element-fbdd5c3 elementor-widget elementor-widget-text-editor\" data-id=\"fbdd5c3\" data-element_type=\"widget\" data-widget_type=\"text-editor.default\">\n\t\t\t\t<div class=\"elementor-widget-container\">\n\t\t\t\t\t\t\t\t<div class=\"elementor-text-editor elementor-clearfix\">\n\t\t\t\t<p>The corona pandemic creates strong personal and economic uncertainty for many people worldwide. Numerous companies register short-time work, record dramatic drop in orders, or even have to file for bankruptcy. Are your personal career and future plans already affected?<\/p>\n<p>The GFFB is now offering you individual video coaching. Use the expertise and methodological competence of our systemically trained coaches and develop a master plan in coaching to develop professional options and redefine goals.<\/p>\n<p>If you are already threatened or affected by unemployment, our coaching can be funded under certain conditions via a work and placement voucher from the employment agency or the job center.<\/p>\n<p>Contact us for more information, we will be happy to advise you.<\/p>\n\t\t\t\t\t<\/div>\n\t\t\t\t\t\t<\/div>\n\t\t\t\t<\/div>\n\t\t\t\t<div class=\"elementor-element elementor-element-4777a06 elementor-widget elementor-widget-text-editor\" data-id=\"4777a06\" data-element_type=\"widget\" data-widget_type=\"text-editor.default\">\n\t\t\t\t<div class=\"elementor-widget-container\">\n\t\t\t\t\t\t\t\t<div class=\"elementor-text-editor elementor-clearfix\">\n\t\t\t\t<h5>Coaching at GFFB is primarily job-related coaching.<\/h5>\t\t\t\t\t<\/div>\n\t\t\t\t\t\t<\/div>\n\t\t\t\t<\/div>\n\t\t\t\t<div class=\"elementor-element elementor-element-12878cb elementor-widget elementor-widget-text-editor\" data-id=\"12878cb\" data-element_type=\"widget\" data-widget_type=\"text-editor.default\">\n\t\t\t\t<div class=\"elementor-widget-container\">\n\t\t\t\t\t\t\t\t<div class=\"elementor-text-editor elementor-clearfix\">\n\t\t\t\t<p>The occasions can be very different: Whether you want to reorient yourself as a professional or manager, whether you are planning to start your professional life, or if you want to change your job profile when the general conditions change: We always support people wherever they work with their personal Goals and values, the private environment and one&#8217;s own health should be reconciled. That is why all of our highly qualified coaches are systemically trained and certified. All areas of life that can influence professional activity can be relevant in coaching and should be considered, because only then will we develop sustainable solutions that will prove their worth in everyday life.<\/p>\n<p>We see ourselves primarily as experts for methods, processes and perspectives and as pioneers we provide professional reflection and decision support. We keep an overview so that our customers can think in depth. You remain experts for your living environment, your industry and your perceptions.<\/p>\n<p>We work in cooperation and at eye level so that our customers can develop their visions and achieve goals. The trust of our customers is our greatest obligation.<\/p>\n\t\t\t\t\t<\/div>\n\t\t\t\t\t\t<\/div>\n\t\t\t\t<\/div>\n\t\t\t\t\t\t<\/div>\n\t\t\t\t\t<\/div>\n\t\t<\/div>\n\t\t\t\t<div class=\"elementor-column elementor-col-50 elementor-inner-column elementor-element elementor-element-e1034f2\" data-id=\"e1034f2\" data-element_type=\"column\" data-settings=\"{&quot;background_background&quot;:&quot;classic&quot;}\">\n\t\t\t<div class=\"elementor-column-wrap\">\n\t\t\t\t\t\t\t<div class=\"elementor-widget-wrap\">\n\t\t\t\t\t\t\t\t<\/div>\n\t\t\t\t\t<\/div>\n\t\t<\/div>\n\t\t\t\t\t\t\t\t<\/div>\n\t\t\t\t\t<\/div>\n\t\t<\/section>\n\t\t\t\t\t\t<\/div>\n\t\t\t\t\t<\/div>\n\t\t<\/div>\n\t\t\t\t\t\t\t\t<\/div>\n\t\t\t\t\t<\/div>\n\t\t<\/section>\n\t\t\t\t\t\t\t\t\t<\/div>\n\t\t\t<\/div>\n\t\t\t\t\t<\/div>\n\t\t","protected":false},"excerpt":{"rendered":"<p>Coaching Welcome to the coaching area of the GFFB gGmbH! Systemic coaching has been established for many years as a recognized method of accompanying people in change processes of all kinds. Contact 069 951097-113 Online Coachings The corona pandemic creates strong personal and economic uncertainty for many people worldwide. Numerous companies register short-time work, record [&hellip;]<\/p>\n","protected":false},"author":13,"featured_media":0,"parent":4613,"menu_order":3,"comment_status":"closed","ping_status":"closed","template":"","meta":[],"yoast_head":"<!-- This site is optimized with the Yoast SEO plugin v20.9 - https:\/\/yoast.com\/wordpress\/plugins\/seo\/ -->\n<title>Coaching - GFFB gGmbH Frankfurt<\/title>\n<meta name=\"description\" content=\"Coaching at GFFB is primarily job-related coaching. Systemic coaching has been established for many years as a recognized method of accompanying people in change processes of all kinds.\" \/>\n<meta name=\"robots\" content=\"index, follow, max-snippet:-1, max-image-preview:large, max-video-preview:-1\" \/>\n<link rel=\"canonical\" href=\"https:\/\/alt.gffb.de\/angebote\/coaching\/\" \/>\n<meta property=\"og:locale\" content=\"en_US\" \/>\n<meta property=\"og:type\" content=\"article\" \/>\n<meta property=\"og:title\" content=\"Coaching - GFFB gGmbH Frankfurt\" \/>\n<meta property=\"og:description\" content=\"Coaching at GFFB is primarily job-related coaching. Systemic coaching has been established for many years as a recognized method of accompanying people in change processes of all kinds.\" \/>\n<meta property=\"og:url\" content=\"https:\/\/alt.gffb.de\/angebote\/coaching\/\" \/>\n<meta property=\"og:site_name\" content=\"GFFB gGmbH Frankfurt\" \/>\n<meta property=\"article:publisher\" content=\"https:\/\/de-de.facebook.com\/pages\/category\/Nonprofit-Organization\/GFFB-gemeinn%c3%bctzige-GmbH-133859759976937\/\" \/>\n<meta property=\"article:modified_time\" content=\"2020-06-23T09:09:15+00:00\" \/>\n<meta property=\"og:image\" content=\"https:\/\/www.gffb.de\/wp-content\/uploads\/2020\/02\/gffb-coaching-300x200.jpg\" \/>\n<meta name=\"twitter:card\" content=\"summary_large_image\" \/>\n<meta name=\"twitter:site\" content=\"@gffbfrankfurt\" \/>\n<meta name=\"twitter:label1\" content=\"Est. reading time\" \/>\n\t<meta name=\"twitter:data1\" content=\"2 minutes\" \/>\n<script type=\"application\/ld+json\" class=\"yoast-schema-graph\">{\"@context\":\"https:\/\/schema.org\",\"@graph\":[{\"@type\":\"WebPage\",\"@id\":\"https:\/\/alt.gffb.de\/angebote\/coaching\/\",\"url\":\"https:\/\/alt.gffb.de\/angebote\/coaching\/\",\"name\":\"Coaching - GFFB gGmbH Frankfurt\",\"isPartOf\":{\"@id\":\"https:\/\/alt.gffb.de\/#website\"},\"datePublished\":\"2020-06-23T09:06:31+00:00\",\"dateModified\":\"2020-06-23T09:09:15+00:00\",\"description\":\"Coaching at GFFB is primarily job-related coaching. Systemic coaching has been established for many years as a recognized method of accompanying people in change processes of all kinds.\",\"breadcrumb\":{\"@id\":\"https:\/\/alt.gffb.de\/angebote\/coaching\/#breadcrumb\"},\"inLanguage\":\"en-US\",\"potentialAction\":[{\"@type\":\"ReadAction\",\"target\":[\"https:\/\/alt.gffb.de\/angebote\/coaching\/\"]}]},{\"@type\":\"BreadcrumbList\",\"@id\":\"https:\/\/alt.gffb.de\/angebote\/coaching\/#breadcrumb\",\"itemListElement\":[{\"@type\":\"ListItem\",\"position\":1,\"name\":\"Startseite\",\"item\":\"https:\/\/alt.gffb.de\/\"},{\"@type\":\"ListItem\",\"position\":2,\"name\":\"Angebote EN\",\"item\":\"https:\/\/alt.gffb.de\/angebote\/\"},{\"@type\":\"ListItem\",\"position\":3,\"name\":\"Coaching\"}]},{\"@type\":\"WebSite\",\"@id\":\"https:\/\/alt.gffb.de\/#website\",\"url\":\"https:\/\/alt.gffb.de\/\",\"name\":\"GFFB gGmbH Frankfurt\",\"description\":\"Bildungs- und Beratungsunternehmen in Frankfurt am Main. Die GFFB bietet vielf\u00e4ltige Angebote f\u00fcr Frankfurter Familien, Unternehmen und G\u00e4ste der Stadt.\",\"publisher\":{\"@id\":\"https:\/\/alt.gffb.de\/#organization\"},\"potentialAction\":[{\"@type\":\"SearchAction\",\"target\":{\"@type\":\"EntryPoint\",\"urlTemplate\":\"https:\/\/alt.gffb.de\/?s={search_term_string}\"},\"query-input\":\"required name=search_term_string\"}],\"inLanguage\":\"en-US\"},{\"@type\":\"Organization\",\"@id\":\"https:\/\/alt.gffb.de\/#organization\",\"name\":\"GFFB gGmbH Frankfurt\",\"url\":\"https:\/\/alt.gffb.de\/\",\"logo\":{\"@type\":\"ImageObject\",\"inLanguage\":\"en-US\",\"@id\":\"https:\/\/alt.gffb.de\/#\/schema\/logo\/image\/\",\"url\":\"https:\/\/www.gffb.de\/wp-content\/uploads\/2019\/11\/GFFB-standort.jpg\",\"contentUrl\":\"https:\/\/www.gffb.de\/wp-content\/uploads\/2019\/11\/GFFB-standort.jpg\",\"width\":144,\"height\":142,\"caption\":\"GFFB gGmbH Frankfurt\"},\"image\":{\"@id\":\"https:\/\/alt.gffb.de\/#\/schema\/logo\/image\/\"},\"sameAs\":[\"https:\/\/de-de.facebook.com\/pages\/category\/Nonprofit-Organization\/GFFB-gemeinn\u00fctzige-GmbH-133859759976937\/\",\"https:\/\/twitter.com\/gffbfrankfurt\",\"https:\/\/www.instagram.com\/gffb_gemeinnuetzige_gmbh\/\",\"https:\/\/www.pinterest.de\/gffb_frankfurt\/\",\"https:\/\/www.youtube.com\/channel\/UCwSay9PlSLSWt3F41Diq2ww\/videos\"]}]}<\/script>\n<!-- \/ Yoast SEO plugin. -->","yoast_head_json":{"title":"Coaching - GFFB gGmbH Frankfurt","description":"Coaching at GFFB is primarily job-related coaching. Systemic coaching has been established for many years as a recognized method of accompanying people in change processes of all kinds.","robots":{"index":"index","follow":"follow","max-snippet":"max-snippet:-1","max-image-preview":"max-image-preview:large","max-video-preview":"max-video-preview:-1"},"canonical":"https:\/\/alt.gffb.de\/angebote\/coaching\/","og_locale":"en_US","og_type":"article","og_title":"Coaching - GFFB gGmbH Frankfurt","og_description":"Coaching at GFFB is primarily job-related coaching. Systemic coaching has been established for many years as a recognized method of accompanying people in change processes of all kinds.","og_url":"https:\/\/alt.gffb.de\/angebote\/coaching\/","og_site_name":"GFFB gGmbH Frankfurt","article_publisher":"https:\/\/de-de.facebook.com\/pages\/category\/Nonprofit-Organization\/GFFB-gemeinn%c3%bctzige-GmbH-133859759976937\/","article_modified_time":"2020-06-23T09:09:15+00:00","og_image":[{"url":"https:\/\/www.gffb.de\/wp-content\/uploads\/2020\/02\/gffb-coaching-300x200.jpg"}],"twitter_card":"summary_large_image","twitter_site":"@gffbfrankfurt","twitter_misc":{"Est. reading time":"2 minutes"},"schema":{"@context":"https:\/\/schema.org","@graph":[{"@type":"WebPage","@id":"https:\/\/alt.gffb.de\/angebote\/coaching\/","url":"https:\/\/alt.gffb.de\/angebote\/coaching\/","name":"Coaching - GFFB gGmbH Frankfurt","isPartOf":{"@id":"https:\/\/alt.gffb.de\/#website"},"datePublished":"2020-06-23T09:06:31+00:00","dateModified":"2020-06-23T09:09:15+00:00","description":"Coaching at GFFB is primarily job-related coaching. Systemic coaching has been established for many years as a recognized method of accompanying people in change processes of all kinds.","breadcrumb":{"@id":"https:\/\/alt.gffb.de\/angebote\/coaching\/#breadcrumb"},"inLanguage":"en-US","potentialAction":[{"@type":"ReadAction","target":["https:\/\/alt.gffb.de\/angebote\/coaching\/"]}]},{"@type":"BreadcrumbList","@id":"https:\/\/alt.gffb.de\/angebote\/coaching\/#breadcrumb","itemListElement":[{"@type":"ListItem","position":1,"name":"Startseite","item":"https:\/\/alt.gffb.de\/"},{"@type":"ListItem","position":2,"name":"Angebote EN","item":"https:\/\/alt.gffb.de\/angebote\/"},{"@type":"ListItem","position":3,"name":"Coaching"}]},{"@type":"WebSite","@id":"https:\/\/alt.gffb.de\/#website","url":"https:\/\/alt.gffb.de\/","name":"GFFB gGmbH Frankfurt","description":"Bildungs- und Beratungsunternehmen in Frankfurt am Main. Die GFFB bietet vielf\u00e4ltige Angebote f\u00fcr Frankfurter Familien, Unternehmen und G\u00e4ste der Stadt.","publisher":{"@id":"https:\/\/alt.gffb.de\/#organization"},"potentialAction":[{"@type":"SearchAction","target":{"@type":"EntryPoint","urlTemplate":"https:\/\/alt.gffb.de\/?s={search_term_string}"},"query-input":"required name=search_term_string"}],"inLanguage":"en-US"},{"@type":"Organization","@id":"https:\/\/alt.gffb.de\/#organization","name":"GFFB gGmbH Frankfurt","url":"https:\/\/alt.gffb.de\/","logo":{"@type":"ImageObject","inLanguage":"en-US","@id":"https:\/\/alt.gffb.de\/#\/schema\/logo\/image\/","url":"https:\/\/www.gffb.de\/wp-content\/uploads\/2019\/11\/GFFB-standort.jpg","contentUrl":"https:\/\/www.gffb.de\/wp-content\/uploads\/2019\/11\/GFFB-standort.jpg","width":144,"height":142,"caption":"GFFB gGmbH Frankfurt"},"image":{"@id":"https:\/\/alt.gffb.de\/#\/schema\/logo\/image\/"},"sameAs":["https:\/\/de-de.facebook.com\/pages\/category\/Nonprofit-Organization\/GFFB-gemeinn\u00fctzige-GmbH-133859759976937\/","https:\/\/twitter.com\/gffbfrankfurt","https:\/\/www.instagram.com\/gffb_gemeinnuetzige_gmbh\/","https:\/\/www.pinterest.de\/gffb_frankfurt\/","https:\/\/www.youtube.com\/channel\/UCwSay9PlSLSWt3F41Diq2ww\/videos"]}]}},"_links":{"self":[{"href":"https:\/\/alt.gffb.de\/en\/wp-json\/wp\/v2\/pages\/10074"}],"collection":[{"href":"https:\/\/alt.gffb.de\/en\/wp-json\/wp\/v2\/pages"}],"about":[{"href":"https:\/\/alt.gffb.de\/en\/wp-json\/wp\/v2\/types\/page"}],"author":[{"embeddable":true,"href":"https:\/\/alt.gffb.de\/en\/wp-json\/wp\/v2\/users\/13"}],"replies":[{"embeddable":true,"href":"https:\/\/alt.gffb.de\/en\/wp-json\/wp\/v2\/comments?post=10074"}],"version-history":[{"count":5,"href":"https:\/\/alt.gffb.de\/en\/wp-json\/wp\/v2\/pages\/10074\/revisions"}],"predecessor-version":[{"id":10080,"href":"https:\/\/alt.gffb.de\/en\/wp-json\/wp\/v2\/pages\/10074\/revisions\/10080"}],"up":[{"embeddable":true,"href":"https:\/\/alt.gffb.de\/en\/wp-json\/wp\/v2\/pages\/4613"}],"wp:attachment":[{"href":"https:\/\/alt.gffb.de\/en\/wp-json\/wp\/v2\/media?parent=10074"}],"curies":[{"name":"wp","href":"https:\/\/api.w.org\/{rel}","templated":true}]}}