{"id":10110,"date":"2020-06-23T12:37:19","date_gmt":"2020-06-23T10:37:19","guid":{"rendered":"https:\/\/www.gffb.de\/social-enterprise\/"},"modified":"2020-10-15T06:01:53","modified_gmt":"2020-10-15T04:01:53","slug":"social-enterprise","status":"publish","type":"page","link":"https:\/\/alt.gffb.de\/en\/social-enterprise\/","title":{"rendered":"Social enterprise"},"content":{"rendered":"\t\t<div data-elementor-type=\"wp-page\" data-elementor-id=\"10110\" class=\"elementor elementor-10110 elementor-395\" data-elementor-post-type=\"page\">\n\t\t\t\t\t\t<div class=\"elementor-inner\">\n\t\t\t\t<div class=\"elementor-section-wrap\">\n\t\t\t\t\t\t\t\t\t<section class=\"elementor-section elementor-top-section elementor-element elementor-element-1a502712 elementor-section-boxed elementor-section-height-default elementor-section-height-default\" data-id=\"1a502712\" data-element_type=\"section\" data-settings=\"{&quot;background_background&quot;:&quot;classic&quot;}\">\n\t\t\t\t\t\t<div class=\"elementor-container elementor-column-gap-default\">\n\t\t\t\t\t\t\t<div class=\"elementor-row\">\n\t\t\t\t\t<div class=\"elementor-column elementor-col-100 elementor-top-column elementor-element elementor-element-53bfee1a\" data-id=\"53bfee1a\" data-element_type=\"column\">\n\t\t\t<div class=\"elementor-column-wrap elementor-element-populated\">\n\t\t\t\t\t\t\t<div class=\"elementor-widget-wrap\">\n\t\t\t\t\t\t<div class=\"elementor-element elementor-element-79c5a504 elementor-widget elementor-widget-spacer\" data-id=\"79c5a504\" data-element_type=\"widget\" data-widget_type=\"spacer.default\">\n\t\t\t\t<div class=\"elementor-widget-container\">\n\t\t\t\t\t<div class=\"elementor-spacer\">\n\t\t\t<div class=\"elementor-spacer-inner\"><\/div>\n\t\t<\/div>\n\t\t\t\t<\/div>\n\t\t\t\t<\/div>\n\t\t\t\t\t\t<\/div>\n\t\t\t\t\t<\/div>\n\t\t<\/div>\n\t\t\t\t\t\t\t\t<\/div>\n\t\t\t\t\t<\/div>\n\t\t<\/section>\n\t\t\t\t<section class=\"elementor-section elementor-top-section elementor-element elementor-element-e79c109 elementor-section-boxed elementor-section-height-default elementor-section-height-default\" data-id=\"e79c109\" data-element_type=\"section\">\n\t\t\t\t\t\t<div class=\"elementor-container elementor-column-gap-default\">\n\t\t\t\t\t\t\t<div class=\"elementor-row\">\n\t\t\t\t\t<div class=\"elementor-column elementor-col-100 elementor-top-column elementor-element elementor-element-1116c165\" data-id=\"1116c165\" data-element_type=\"column\">\n\t\t\t<div class=\"elementor-column-wrap elementor-element-populated\">\n\t\t\t\t\t\t\t<div class=\"elementor-widget-wrap\">\n\t\t\t\t\t\t<div class=\"elementor-element elementor-element-7c2ed92f elementor-widget elementor-widget-heading\" data-id=\"7c2ed92f\" data-element_type=\"widget\" data-widget_type=\"heading.default\">\n\t\t\t\t<div class=\"elementor-widget-container\">\n\t\t\t<h1 class=\"elementor-heading-title elementor-size-default\">Social enterprise<\/h1>\t\t<\/div>\n\t\t\t\t<\/div>\n\t\t\t\t\t\t<\/div>\n\t\t\t\t\t<\/div>\n\t\t<\/div>\n\t\t\t\t\t\t\t\t<\/div>\n\t\t\t\t\t<\/div>\n\t\t<\/section>\n\t\t\t\t<section class=\"elementor-section elementor-top-section elementor-element elementor-element-1c0b9310 elementor-section-boxed elementor-section-height-default elementor-section-height-default\" data-id=\"1c0b9310\" data-element_type=\"section\">\n\t\t\t\t\t\t<div class=\"elementor-container elementor-column-gap-default\">\n\t\t\t\t\t\t\t<div class=\"elementor-row\">\n\t\t\t\t\t<div class=\"elementor-column elementor-col-100 elementor-top-column elementor-element elementor-element-656ec681\" data-id=\"656ec681\" data-element_type=\"column\">\n\t\t\t<div class=\"elementor-column-wrap elementor-element-populated\">\n\t\t\t\t\t\t\t<div class=\"elementor-widget-wrap\">\n\t\t\t\t\t\t<section class=\"elementor-section elementor-inner-section elementor-element elementor-element-5142f2b1 elementor-section-boxed elementor-section-height-default elementor-section-height-default\" data-id=\"5142f2b1\" data-element_type=\"section\">\n\t\t\t\t\t\t<div class=\"elementor-container elementor-column-gap-default\">\n\t\t\t\t\t\t\t<div class=\"elementor-row\">\n\t\t\t\t\t<div class=\"elementor-column elementor-col-50 elementor-inner-column elementor-element elementor-element-3da77272\" data-id=\"3da77272\" data-element_type=\"column\">\n\t\t\t<div class=\"elementor-column-wrap elementor-element-populated\">\n\t\t\t\t\t\t\t<div class=\"elementor-widget-wrap\">\n\t\t\t\t\t\t<div class=\"elementor-element elementor-element-0ebf260 elementor-widget elementor-widget-text-editor\" data-id=\"0ebf260\" data-element_type=\"widget\" data-widget_type=\"text-editor.default\">\n\t\t\t\t<div class=\"elementor-widget-container\">\n\t\t\t\t\t\t\t\t<div class=\"elementor-text-editor elementor-clearfix\">\n\t\t\t\t<p>GFFB is a regional non-profit company, closely related to local communities, working with long term unemployed in different projects. The company offers counselling, coaching, training &amp; placement services. Working in urban districts we prevent social exclusion with different projects. We offer work for more than 500 people in Frankfurt-Rhein-Main area. The philosophy of our company is based on sustainable development, equal opportunities and networking on regional, national and global level. We empower people in our local enterprises. Our clients organize and develop their own work-places. Our staff attend and support with information and knowledge.\u00a0<\/p>\t\t\t\t\t<\/div>\n\t\t\t\t\t\t<\/div>\n\t\t\t\t<\/div>\n\t\t\t\t\t\t<\/div>\n\t\t\t\t\t<\/div>\n\t\t<\/div>\n\t\t\t\t<div class=\"elementor-column elementor-col-50 elementor-inner-column elementor-element elementor-element-2aba6f3\" data-id=\"2aba6f3\" data-element_type=\"column\" data-settings=\"{&quot;background_background&quot;:&quot;classic&quot;}\">\n\t\t\t<div class=\"elementor-column-wrap elementor-element-populated\">\n\t\t\t\t\t\t\t<div class=\"elementor-widget-wrap\">\n\t\t\t\t\t\t<div class=\"elementor-element elementor-element-03eeb4e elementor-widget elementor-widget-heading\" data-id=\"03eeb4e\" data-element_type=\"widget\" data-widget_type=\"heading.default\">\n\t\t\t\t<div class=\"elementor-widget-container\">\n\t\t\t<h6 class=\"elementor-heading-title elementor-size-default\">Owner Manager<\/h6>\t\t<\/div>\n\t\t\t\t<\/div>\n\t\t\t\t<div class=\"elementor-element elementor-element-2edda60 elementor-widget elementor-widget-image\" data-id=\"2edda60\" data-element_type=\"widget\" data-widget_type=\"image.default\">\n\t\t\t\t<div class=\"elementor-widget-container\">\n\t\t\t\t\t\t\t\t<div class=\"elementor-image\">\n\t\t\t\t\t\t\t\t\t\t\t\t<img decoding=\"async\" src=\"https:\/\/alt.gffb.de\/wp-content\/uploads\/elementor\/thumbs\/Wagner_Barbara_156x240-os5m564g9u49egtdx8c4glsikvlf3thrb05o9jrk1m.jpg\" title=\"Wagner_Barbara_156x240\" alt=\"Wagner_Barbara_156x240\" loading=\"lazy\" \/>\t\t\t\t\t\t\t\t\t\t\t\t\t\t<\/div>\n\t\t\t\t\t\t<\/div>\n\t\t\t\t<\/div>\n\t\t\t\t<div class=\"elementor-element elementor-element-c8e88bc elementor-align-left elementor-icon-list--layout-traditional elementor-list-item-link-full_width elementor-widget elementor-widget-icon-list\" data-id=\"c8e88bc\" data-element_type=\"widget\" data-widget_type=\"icon-list.default\">\n\t\t\t\t<div class=\"elementor-widget-container\">\n\t\t\t\t\t<ul class=\"elementor-icon-list-items\">\n\t\t\t\t\t\t\t<li class=\"elementor-icon-list-item\">\n\t\t\t\t\t\t\t\t\t\t\t<a href=\"tel:+4969123456\">\n\n\t\t\t\t\t\t\t\t\t\t\t\t<span class=\"elementor-icon-list-icon\">\n\t\t\t\t\t\t\t<i aria-hidden=\"true\" class=\"fas fa-user-circle\"><\/i>\t\t\t\t\t\t<\/span>\n\t\t\t\t\t\t\t\t\t\t<span class=\"elementor-icon-list-text\">Barbara Wagner<\/span>\n\t\t\t\t\t\t\t\t\t\t\t<\/a>\n\t\t\t\t\t\t\t\t\t<\/li>\n\t\t\t\t\t\t\t\t<li class=\"elementor-icon-list-item\">\n\t\t\t\t\t\t\t\t\t\t\t<a href=\"tel:+4969951097120\">\n\n\t\t\t\t\t\t\t\t\t\t\t\t<span class=\"elementor-icon-list-icon\">\n\t\t\t\t\t\t\t<i aria-hidden=\"true\" class=\"fas fa-phone-alt\"><\/i>\t\t\t\t\t\t<\/span>\n\t\t\t\t\t\t\t\t\t\t<span class=\"elementor-icon-list-text\">069 951097-120<\/span>\n\t\t\t\t\t\t\t\t\t\t\t<\/a>\n\t\t\t\t\t\t\t\t\t<\/li>\n\t\t\t\t\t\t\t\t<li class=\"elementor-icon-list-item\">\n\t\t\t\t\t\t\t\t\t\t\t<a href=\"mailto:wagner@gffb.de\">\n\n\t\t\t\t\t\t\t\t\t\t\t\t<span class=\"elementor-icon-list-icon\">\n\t\t\t\t\t\t\t<i aria-hidden=\"true\" class=\"far fa-envelope\"><\/i>\t\t\t\t\t\t<\/span>\n\t\t\t\t\t\t\t\t\t\t<span class=\"elementor-icon-list-text\">wagner@gffb.de<\/span>\n\t\t\t\t\t\t\t\t\t\t\t<\/a>\n\t\t\t\t\t\t\t\t\t<\/li>\n\t\t\t\t\t\t<\/ul>\n\t\t\t\t<\/div>\n\t\t\t\t<\/div>\n\t\t\t\t<div class=\"elementor-element elementor-element-c878125 elementor-widget elementor-widget-image\" data-id=\"c878125\" data-element_type=\"widget\" data-widget_type=\"image.default\">\n\t\t\t\t<div class=\"elementor-widget-container\">\n\t\t\t\t\t\t\t\t<div class=\"elementor-image\">\n\t\t\t\t\t\t\t\t\t\t\t\t<img decoding=\"async\" width=\"768\" height=\"33\" src=\"https:\/\/alt.gffb.de\/wp-content\/uploads\/2020\/02\/Linie-768x33.jpg\" class=\"attachment-medium_large size-medium_large wp-image-4551\" alt=\"\" loading=\"lazy\" srcset=\"https:\/\/alt.gffb.de\/wp-content\/uploads\/2020\/02\/Linie-768x33.jpg 768w, https:\/\/alt.gffb.de\/wp-content\/uploads\/2020\/02\/Linie-300x13.jpg 300w, https:\/\/alt.gffb.de\/wp-content\/uploads\/2020\/02\/Linie-1024x45.jpg 1024w, https:\/\/alt.gffb.de\/wp-content\/uploads\/2020\/02\/Linie-1536x67.jpg 1536w, https:\/\/alt.gffb.de\/wp-content\/uploads\/2020\/02\/Linie.jpg 2001w\" sizes=\"(max-width: 768px) 100vw, 768px\" \/>\t\t\t\t\t\t\t\t\t\t\t\t\t\t<\/div>\n\t\t\t\t\t\t<\/div>\n\t\t\t\t<\/div>\n\t\t\t\t\t\t<\/div>\n\t\t\t\t\t<\/div>\n\t\t<\/div>\n\t\t\t\t\t\t\t\t<\/div>\n\t\t\t\t\t<\/div>\n\t\t<\/section>\n\t\t\t\t\t\t<\/div>\n\t\t\t\t\t<\/div>\n\t\t<\/div>\n\t\t\t\t\t\t\t\t<\/div>\n\t\t\t\t\t<\/div>\n\t\t<\/section>\n\t\t\t\t\t\t\t\t\t<\/div>\n\t\t\t<\/div>\n\t\t\t\t\t<\/div>\n\t\t","protected":false},"excerpt":{"rendered":"<p>Social enterprise GFFB is a regional non-profit company, closely related to local communities, working with long term unemployed in different projects. The company offers counselling, coaching, training &amp; placement services. Working in urban districts we prevent social exclusion with different projects. We offer work for more than 500 people in Frankfurt-Rhein-Main area. The philosophy of [&hellip;]<\/p>\n","protected":false},"author":13,"featured_media":0,"parent":0,"menu_order":1,"comment_status":"closed","ping_status":"closed","template":"","meta":[],"yoast_head":"<!-- This site is optimized with the Yoast SEO plugin v20.9 - https:\/\/yoast.com\/wordpress\/plugins\/seo\/ -->\n<title>Social enterprise - GFFB gGmbH Frankfurt<\/title>\n<meta name=\"robots\" content=\"index, follow, max-snippet:-1, max-image-preview:large, max-video-preview:-1\" \/>\n<link rel=\"canonical\" href=\"https:\/\/alt.gffb.de\/wir-ueber-uns\/sozialunternehmen\/\" \/>\n<meta property=\"og:locale\" content=\"en_US\" \/>\n<meta property=\"og:type\" content=\"article\" \/>\n<meta property=\"og:title\" content=\"Social enterprise - GFFB gGmbH Frankfurt\" \/>\n<meta property=\"og:description\" content=\"Social enterprise GFFB is a regional non-profit company, closely related to local communities, working with long term unemployed in different projects. The company offers counselling, coaching, training &amp; placement services. Working in urban districts we prevent social exclusion with different projects. We offer work for more than 500 people in Frankfurt-Rhein-Main area. The philosophy of [&hellip;]\" \/>\n<meta property=\"og:url\" content=\"https:\/\/alt.gffb.de\/wir-ueber-uns\/sozialunternehmen\/\" \/>\n<meta property=\"og:site_name\" content=\"GFFB gGmbH Frankfurt\" \/>\n<meta property=\"article:publisher\" content=\"https:\/\/de-de.facebook.com\/pages\/category\/Nonprofit-Organization\/GFFB-gemeinn%c3%bctzige-GmbH-133859759976937\/\" \/>\n<meta property=\"article:modified_time\" content=\"2020-10-15T04:01:53+00:00\" \/>\n<meta property=\"og:image\" content=\"https:\/\/www.gffb.de\/wp-content\/uploads\/elementor\/thumbs\/Wagner_Barbara_156x240-os5m564g9u49egtdx8c4glsikvlf3thrb05o9jrk1m.jpg\" \/>\n<meta name=\"twitter:card\" content=\"summary_large_image\" \/>\n<meta name=\"twitter:site\" content=\"@gffbfrankfurt\" \/>\n<meta name=\"twitter:label1\" content=\"Est. reading time\" \/>\n\t<meta name=\"twitter:data1\" content=\"1 minute\" \/>\n<script type=\"application\/ld+json\" class=\"yoast-schema-graph\">{\"@context\":\"https:\/\/schema.org\",\"@graph\":[{\"@type\":\"WebPage\",\"@id\":\"https:\/\/alt.gffb.de\/wir-ueber-uns\/sozialunternehmen\/\",\"url\":\"https:\/\/alt.gffb.de\/wir-ueber-uns\/sozialunternehmen\/\",\"name\":\"Social enterprise - GFFB gGmbH Frankfurt\",\"isPartOf\":{\"@id\":\"https:\/\/alt.gffb.de\/#website\"},\"datePublished\":\"2020-06-23T10:37:19+00:00\",\"dateModified\":\"2020-10-15T04:01:53+00:00\",\"breadcrumb\":{\"@id\":\"https:\/\/alt.gffb.de\/wir-ueber-uns\/sozialunternehmen\/#breadcrumb\"},\"inLanguage\":\"en-US\",\"potentialAction\":[{\"@type\":\"ReadAction\",\"target\":[\"https:\/\/alt.gffb.de\/wir-ueber-uns\/sozialunternehmen\/\"]}]},{\"@type\":\"BreadcrumbList\",\"@id\":\"https:\/\/alt.gffb.de\/wir-ueber-uns\/sozialunternehmen\/#breadcrumb\",\"itemListElement\":[{\"@type\":\"ListItem\",\"position\":1,\"name\":\"Startseite\",\"item\":\"https:\/\/alt.gffb.de\/\"},{\"@type\":\"ListItem\",\"position\":2,\"name\":\"Social enterprise\"}]},{\"@type\":\"WebSite\",\"@id\":\"https:\/\/alt.gffb.de\/#website\",\"url\":\"https:\/\/alt.gffb.de\/\",\"name\":\"GFFB gGmbH Frankfurt\",\"description\":\"Bildungs- und Beratungsunternehmen in Frankfurt am Main. Die GFFB bietet vielf\u00e4ltige Angebote f\u00fcr Frankfurter Familien, Unternehmen und G\u00e4ste der Stadt.\",\"publisher\":{\"@id\":\"https:\/\/alt.gffb.de\/#organization\"},\"potentialAction\":[{\"@type\":\"SearchAction\",\"target\":{\"@type\":\"EntryPoint\",\"urlTemplate\":\"https:\/\/alt.gffb.de\/?s={search_term_string}\"},\"query-input\":\"required name=search_term_string\"}],\"inLanguage\":\"en-US\"},{\"@type\":\"Organization\",\"@id\":\"https:\/\/alt.gffb.de\/#organization\",\"name\":\"GFFB gGmbH Frankfurt\",\"url\":\"https:\/\/alt.gffb.de\/\",\"logo\":{\"@type\":\"ImageObject\",\"inLanguage\":\"en-US\",\"@id\":\"https:\/\/alt.gffb.de\/#\/schema\/logo\/image\/\",\"url\":\"https:\/\/www.gffb.de\/wp-content\/uploads\/2019\/11\/GFFB-standort.jpg\",\"contentUrl\":\"https:\/\/www.gffb.de\/wp-content\/uploads\/2019\/11\/GFFB-standort.jpg\",\"width\":144,\"height\":142,\"caption\":\"GFFB gGmbH Frankfurt\"},\"image\":{\"@id\":\"https:\/\/alt.gffb.de\/#\/schema\/logo\/image\/\"},\"sameAs\":[\"https:\/\/de-de.facebook.com\/pages\/category\/Nonprofit-Organization\/GFFB-gemeinn\u00fctzige-GmbH-133859759976937\/\",\"https:\/\/twitter.com\/gffbfrankfurt\",\"https:\/\/www.instagram.com\/gffb_gemeinnuetzige_gmbh\/\",\"https:\/\/www.pinterest.de\/gffb_frankfurt\/\",\"https:\/\/www.youtube.com\/channel\/UCwSay9PlSLSWt3F41Diq2ww\/videos\"]}]}<\/script>\n<!-- \/ Yoast SEO plugin. -->","yoast_head_json":{"title":"Social enterprise - GFFB gGmbH Frankfurt","robots":{"index":"index","follow":"follow","max-snippet":"max-snippet:-1","max-image-preview":"max-image-preview:large","max-video-preview":"max-video-preview:-1"},"canonical":"https:\/\/alt.gffb.de\/wir-ueber-uns\/sozialunternehmen\/","og_locale":"en_US","og_type":"article","og_title":"Social enterprise - GFFB gGmbH Frankfurt","og_description":"Social enterprise GFFB is a regional non-profit company, closely related to local communities, working with long term unemployed in different projects. The company offers counselling, coaching, training &amp; placement services. Working in urban districts we prevent social exclusion with different projects. We offer work for more than 500 people in Frankfurt-Rhein-Main area. The philosophy of [&hellip;]","og_url":"https:\/\/alt.gffb.de\/wir-ueber-uns\/sozialunternehmen\/","og_site_name":"GFFB gGmbH Frankfurt","article_publisher":"https:\/\/de-de.facebook.com\/pages\/category\/Nonprofit-Organization\/GFFB-gemeinn%c3%bctzige-GmbH-133859759976937\/","article_modified_time":"2020-10-15T04:01:53+00:00","og_image":[{"url":"https:\/\/www.gffb.de\/wp-content\/uploads\/elementor\/thumbs\/Wagner_Barbara_156x240-os5m564g9u49egtdx8c4glsikvlf3thrb05o9jrk1m.jpg"}],"twitter_card":"summary_large_image","twitter_site":"@gffbfrankfurt","twitter_misc":{"Est. reading time":"1 minute"},"schema":{"@context":"https:\/\/schema.org","@graph":[{"@type":"WebPage","@id":"https:\/\/alt.gffb.de\/wir-ueber-uns\/sozialunternehmen\/","url":"https:\/\/alt.gffb.de\/wir-ueber-uns\/sozialunternehmen\/","name":"Social enterprise - GFFB gGmbH Frankfurt","isPartOf":{"@id":"https:\/\/alt.gffb.de\/#website"},"datePublished":"2020-06-23T10:37:19+00:00","dateModified":"2020-10-15T04:01:53+00:00","breadcrumb":{"@id":"https:\/\/alt.gffb.de\/wir-ueber-uns\/sozialunternehmen\/#breadcrumb"},"inLanguage":"en-US","potentialAction":[{"@type":"ReadAction","target":["https:\/\/alt.gffb.de\/wir-ueber-uns\/sozialunternehmen\/"]}]},{"@type":"BreadcrumbList","@id":"https:\/\/alt.gffb.de\/wir-ueber-uns\/sozialunternehmen\/#breadcrumb","itemListElement":[{"@type":"ListItem","position":1,"name":"Startseite","item":"https:\/\/alt.gffb.de\/"},{"@type":"ListItem","position":2,"name":"Social enterprise"}]},{"@type":"WebSite","@id":"https:\/\/alt.gffb.de\/#website","url":"https:\/\/alt.gffb.de\/","name":"GFFB gGmbH Frankfurt","description":"Bildungs- und Beratungsunternehmen in Frankfurt am Main. Die GFFB bietet vielf\u00e4ltige Angebote f\u00fcr Frankfurter Familien, Unternehmen und G\u00e4ste der Stadt.","publisher":{"@id":"https:\/\/alt.gffb.de\/#organization"},"potentialAction":[{"@type":"SearchAction","target":{"@type":"EntryPoint","urlTemplate":"https:\/\/alt.gffb.de\/?s={search_term_string}"},"query-input":"required name=search_term_string"}],"inLanguage":"en-US"},{"@type":"Organization","@id":"https:\/\/alt.gffb.de\/#organization","name":"GFFB gGmbH Frankfurt","url":"https:\/\/alt.gffb.de\/","logo":{"@type":"ImageObject","inLanguage":"en-US","@id":"https:\/\/alt.gffb.de\/#\/schema\/logo\/image\/","url":"https:\/\/www.gffb.de\/wp-content\/uploads\/2019\/11\/GFFB-standort.jpg","contentUrl":"https:\/\/www.gffb.de\/wp-content\/uploads\/2019\/11\/GFFB-standort.jpg","width":144,"height":142,"caption":"GFFB gGmbH Frankfurt"},"image":{"@id":"https:\/\/alt.gffb.de\/#\/schema\/logo\/image\/"},"sameAs":["https:\/\/de-de.facebook.com\/pages\/category\/Nonprofit-Organization\/GFFB-gemeinn\u00fctzige-GmbH-133859759976937\/","https:\/\/twitter.com\/gffbfrankfurt","https:\/\/www.instagram.com\/gffb_gemeinnuetzige_gmbh\/","https:\/\/www.pinterest.de\/gffb_frankfurt\/","https:\/\/www.youtube.com\/channel\/UCwSay9PlSLSWt3F41Diq2ww\/videos"]}]}},"_links":{"self":[{"href":"https:\/\/alt.gffb.de\/en\/wp-json\/wp\/v2\/pages\/10110"}],"collection":[{"href":"https:\/\/alt.gffb.de\/en\/wp-json\/wp\/v2\/pages"}],"about":[{"href":"https:\/\/alt.gffb.de\/en\/wp-json\/wp\/v2\/types\/page"}],"author":[{"embeddable":true,"href":"https:\/\/alt.gffb.de\/en\/wp-json\/wp\/v2\/users\/13"}],"replies":[{"embeddable":true,"href":"https:\/\/alt.gffb.de\/en\/wp-json\/wp\/v2\/comments?post=10110"}],"version-history":[{"count":9,"href":"https:\/\/alt.gffb.de\/en\/wp-json\/wp\/v2\/pages\/10110\/revisions"}],"predecessor-version":[{"id":11912,"href":"https:\/\/alt.gffb.de\/en\/wp-json\/wp\/v2\/pages\/10110\/revisions\/11912"}],"wp:attachment":[{"href":"https:\/\/alt.gffb.de\/en\/wp-json\/wp\/v2\/media?parent=10110"}],"curies":[{"name":"wp","href":"https:\/\/api.w.org\/{rel}","templated":true}]}}