{"id":11895,"date":"2020-10-14T18:18:02","date_gmt":"2020-10-14T16:18:02","guid":{"rendered":"https:\/\/www.gffb.de\/team-diversity-democracy\/"},"modified":"2021-07-16T07:11:50","modified_gmt":"2021-07-16T05:11:50","slug":"team-diversity-democracy","status":"publish","type":"page","link":"https:\/\/alt.gffb.de\/en\/team-diversity-democracy\/","title":{"rendered":"Team Diversity &#038; Democracy"},"content":{"rendered":"\t\t<div data-elementor-type=\"wp-page\" data-elementor-id=\"11895\" class=\"elementor elementor-11895 elementor-9250\" data-elementor-post-type=\"page\">\n\t\t\t\t\t\t<div class=\"elementor-inner\">\n\t\t\t\t<div class=\"elementor-section-wrap\">\n\t\t\t\t\t\t\t\t\t<section class=\"elementor-section elementor-top-section elementor-element elementor-element-d03ebea elementor-section-boxed elementor-section-height-default elementor-section-height-default\" data-id=\"d03ebea\" data-element_type=\"section\" data-settings=\"{&quot;background_background&quot;:&quot;classic&quot;}\">\n\t\t\t\t\t\t<div class=\"elementor-container elementor-column-gap-default\">\n\t\t\t\t\t\t\t<div class=\"elementor-row\">\n\t\t\t\t\t<div class=\"elementor-column elementor-col-100 elementor-top-column elementor-element elementor-element-7ee1e9e2\" data-id=\"7ee1e9e2\" data-element_type=\"column\">\n\t\t\t<div class=\"elementor-column-wrap elementor-element-populated\">\n\t\t\t\t\t\t\t<div class=\"elementor-widget-wrap\">\n\t\t\t\t\t\t<div class=\"elementor-element elementor-element-7850234f elementor-widget elementor-widget-spacer\" data-id=\"7850234f\" data-element_type=\"widget\" data-widget_type=\"spacer.default\">\n\t\t\t\t<div class=\"elementor-widget-container\">\n\t\t\t\t\t<div class=\"elementor-spacer\">\n\t\t\t<div class=\"elementor-spacer-inner\"><\/div>\n\t\t<\/div>\n\t\t\t\t<\/div>\n\t\t\t\t<\/div>\n\t\t\t\t\t\t<\/div>\n\t\t\t\t\t<\/div>\n\t\t<\/div>\n\t\t\t\t\t\t\t\t<\/div>\n\t\t\t\t\t<\/div>\n\t\t<\/section>\n\t\t\t\t<section class=\"elementor-section elementor-top-section elementor-element elementor-element-51bbdeae elementor-section-boxed elementor-section-height-default elementor-section-height-default\" data-id=\"51bbdeae\" data-element_type=\"section\">\n\t\t\t\t\t\t<div class=\"elementor-container elementor-column-gap-default\">\n\t\t\t\t\t\t\t<div class=\"elementor-row\">\n\t\t\t\t\t<div class=\"elementor-column elementor-col-100 elementor-top-column elementor-element elementor-element-eddaf58\" data-id=\"eddaf58\" data-element_type=\"column\">\n\t\t\t<div class=\"elementor-column-wrap elementor-element-populated\">\n\t\t\t\t\t\t\t<div class=\"elementor-widget-wrap\">\n\t\t\t\t\t\t<div class=\"elementor-element elementor-element-7725b2e0 elementor-widget elementor-widget-heading\" data-id=\"7725b2e0\" data-element_type=\"widget\" data-widget_type=\"heading.default\">\n\t\t\t\t<div class=\"elementor-widget-container\">\n\t\t\t<h1 class=\"elementor-heading-title elementor-size-default\">Team Diversity & Democracy<\/h1>\t\t<\/div>\n\t\t\t\t<\/div>\n\t\t\t\t\t\t<\/div>\n\t\t\t\t\t<\/div>\n\t\t<\/div>\n\t\t\t\t\t\t\t\t<\/div>\n\t\t\t\t\t<\/div>\n\t\t<\/section>\n\t\t\t\t<section class=\"elementor-section elementor-top-section elementor-element elementor-element-22de141d elementor-section-boxed elementor-section-height-default elementor-section-height-default\" data-id=\"22de141d\" data-element_type=\"section\">\n\t\t\t\t\t\t<div class=\"elementor-container elementor-column-gap-default\">\n\t\t\t\t\t\t\t<div class=\"elementor-row\">\n\t\t\t\t\t<div class=\"elementor-column elementor-col-100 elementor-top-column elementor-element elementor-element-7e069a84\" data-id=\"7e069a84\" data-element_type=\"column\">\n\t\t\t<div class=\"elementor-column-wrap elementor-element-populated\">\n\t\t\t\t\t\t\t<div class=\"elementor-widget-wrap\">\n\t\t\t\t\t\t<section class=\"elementor-section elementor-inner-section elementor-element elementor-element-5e36f297 elementor-section-boxed elementor-section-height-default elementor-section-height-default\" data-id=\"5e36f297\" data-element_type=\"section\">\n\t\t\t\t\t\t<div class=\"elementor-container elementor-column-gap-default\">\n\t\t\t\t\t\t\t<div class=\"elementor-row\">\n\t\t\t\t\t<div class=\"elementor-column elementor-col-50 elementor-inner-column elementor-element elementor-element-6e12adf7\" data-id=\"6e12adf7\" data-element_type=\"column\">\n\t\t\t<div class=\"elementor-column-wrap elementor-element-populated\">\n\t\t\t\t\t\t\t<div class=\"elementor-widget-wrap\">\n\t\t\t\t\t\t<div class=\"elementor-element elementor-element-2eb189b elementor-widget elementor-widget-text-editor\" data-id=\"2eb189b\" data-element_type=\"widget\" data-widget_type=\"text-editor.default\">\n\t\t\t\t<div class=\"elementor-widget-container\">\n\t\t\t\t\t\t\t\t<div class=\"elementor-text-editor elementor-clearfix\">\n\t\t\t\t<p>The GFFB is one of the first signatories of the Charter of Diversity and has thus a made a conscious and voluntary commitment to live the principle of the charter in our organisation. With a team of diversity officers*, the topic of diversity has become a central and important part of the corporate culture, human resources management, right up to the daily educational work of the individual projects and the planning and organisation of the yearly Diversity Day. The GFFB actively takes measures to prevent various discrimination risks and to provide equal opportunities at the workplace.<\/p>\n<p>In our education and labour market projects within our Competence Centre Learning 5.0, we combine vocational training with the promotion of democratic action skills and competenceswith working onthe idea of a more open and fairer society. It is important to take up societal issues that concern us all and work on strengthening negotiation and decision-making processes, both democratically and in dialogue with one another.<\/p>\n<p>These are socio-political issues that the GFFB would like to influence and work on with other organisations. For example, if you want to develop diversity concepts in your organisation, company or administration and put them into practice, we offer you different services that support you in questions concerning personnel policies and corporate communication. In addition, we offer expert discussions and talks to a broader public in our World Caf\u00e9 and in the virtual conference rooms of the GFFB in our premises on the Mainzer Landstrasse in Gallus, Frankfurt.<\/p>\n<p>Dr. des Harpreet Cholia is responsible for the department &#8220;Diversity &amp; Democracy&#8221;. Shortly to her, she received her doctorate in sociology with expertise in critical migration research, anti-racism and gender studies at the Goethe University Frankfurt. Before joining the GFFB in March 2020, she gained many years of experience in project management in the social sector in Germany. Her fociwere on culture, migration and gender. She also works as an anti-discrimination consultant, psychosocial counsellor and empowerment trainer for people affected by right wing and racist violence. She is also a lecturer in the area of social work and publishes on topics such as racism, right-wing violence and institutional discrimination.<\/p>\n<p>On behalf of the Diversity &amp; Democracy department, Harpreet Cholia is very happy to work on different societal challenges with the organisation, in Frankfurt and the state of Hessen &#8211; for a society that fights for one another, argues and then finds a consensus in an ever more complex world.<\/p>\n\t\t\t\t\t<\/div>\n\t\t\t\t\t\t<\/div>\n\t\t\t\t<\/div>\n\t\t\t\t\t\t<\/div>\n\t\t\t\t\t<\/div>\n\t\t<\/div>\n\t\t\t\t<div class=\"elementor-column elementor-col-50 elementor-inner-column elementor-element elementor-element-4477a1b7\" data-id=\"4477a1b7\" data-element_type=\"column\" data-settings=\"{&quot;background_background&quot;:&quot;classic&quot;}\">\n\t\t\t<div class=\"elementor-column-wrap elementor-element-populated\">\n\t\t\t\t\t\t\t<div class=\"elementor-widget-wrap\">\n\t\t\t\t\t\t<div class=\"elementor-element elementor-element-46c76be1 elementor-widget elementor-widget-heading\" data-id=\"46c76be1\" data-element_type=\"widget\" data-widget_type=\"heading.default\">\n\t\t\t\t<div class=\"elementor-widget-container\">\n\t\t\t<h6 class=\"elementor-heading-title elementor-size-default\">Contact<\/h6>\t\t<\/div>\n\t\t\t\t<\/div>\n\t\t\t\t<div class=\"elementor-element elementor-element-4d9cc9b1 elementor-widget elementor-widget-image\" data-id=\"4d9cc9b1\" data-element_type=\"widget\" data-widget_type=\"image.default\">\n\t\t\t\t<div class=\"elementor-widget-container\">\n\t\t\t\t\t\t\t\t<div class=\"elementor-image\">\n\t\t\t\t\t\t\t\t\t\t\t\t<img decoding=\"async\" width=\"769\" height=\"1024\" src=\"https:\/\/alt.gffb.de\/wp-content\/uploads\/2021\/05\/Cholia-Harpreet-769x1024.jpg\" class=\"attachment-large size-large wp-image-15417\" alt=\"Harpreet Cholia\" loading=\"lazy\" srcset=\"https:\/\/alt.gffb.de\/wp-content\/uploads\/2021\/05\/Cholia-Harpreet-769x1024.jpg 769w, https:\/\/alt.gffb.de\/wp-content\/uploads\/2021\/05\/Cholia-Harpreet-225x300.jpg 225w, https:\/\/alt.gffb.de\/wp-content\/uploads\/2021\/05\/Cholia-Harpreet-768x1023.jpg 768w, https:\/\/alt.gffb.de\/wp-content\/uploads\/2021\/05\/Cholia-Harpreet.jpg 1080w\" sizes=\"(max-width: 769px) 100vw, 769px\" \/>\t\t\t\t\t\t\t\t\t\t\t\t\t\t<\/div>\n\t\t\t\t\t\t<\/div>\n\t\t\t\t<\/div>\n\t\t\t\t<div class=\"elementor-element elementor-element-17a3a6f elementor-align-left elementor-icon-list--layout-traditional elementor-list-item-link-full_width elementor-widget elementor-widget-global elementor-global-11775 elementor-widget-icon-list\" data-id=\"17a3a6f\" data-element_type=\"widget\" data-widget_type=\"icon-list.default\">\n\t\t\t\t<div class=\"elementor-widget-container\">\n\t\t\t\t\t<ul class=\"elementor-icon-list-items\">\n\t\t\t\t\t\t\t<li class=\"elementor-icon-list-item\">\n\t\t\t\t\t\t\t\t\t\t\t<span class=\"elementor-icon-list-icon\">\n\t\t\t\t\t\t\t<i aria-hidden=\"true\" class=\"fas fa-user-circle\"><\/i>\t\t\t\t\t\t<\/span>\n\t\t\t\t\t\t\t\t\t\t<span class=\"elementor-icon-list-text\">Laura Velis<\/span>\n\t\t\t\t\t\t\t\t\t<\/li>\n\t\t\t\t\t\t\t\t<li class=\"elementor-icon-list-item\">\n\t\t\t\t\t\t\t\t\t\t\t<a href=\"tel:+4969951097121\">\n\n\t\t\t\t\t\t\t\t\t\t\t\t<span class=\"elementor-icon-list-icon\">\n\t\t\t\t\t\t\t<i aria-hidden=\"true\" class=\"fas fa-phone-alt\"><\/i>\t\t\t\t\t\t<\/span>\n\t\t\t\t\t\t\t\t\t\t<span class=\"elementor-icon-list-text\">069 951097-121<\/span>\n\t\t\t\t\t\t\t\t\t\t\t<\/a>\n\t\t\t\t\t\t\t\t\t<\/li>\n\t\t\t\t\t\t\t\t<li class=\"elementor-icon-list-item\">\n\t\t\t\t\t\t\t\t\t\t\t<a href=\"mailto:velis@gffb.de\">\n\n\t\t\t\t\t\t\t\t\t\t\t\t<span class=\"elementor-icon-list-icon\">\n\t\t\t\t\t\t\t<i aria-hidden=\"true\" class=\"far fa-envelope\"><\/i>\t\t\t\t\t\t<\/span>\n\t\t\t\t\t\t\t\t\t\t<span class=\"elementor-icon-list-text\">velis@gffb.de<\/span>\n\t\t\t\t\t\t\t\t\t\t\t<\/a>\n\t\t\t\t\t\t\t\t\t<\/li>\n\t\t\t\t\t\t<\/ul>\n\t\t\t\t<\/div>\n\t\t\t\t<\/div>\n\t\t\t\t<div class=\"elementor-element elementor-element-35ebb4f3 elementor-widget elementor-widget-image\" data-id=\"35ebb4f3\" data-element_type=\"widget\" data-widget_type=\"image.default\">\n\t\t\t\t<div class=\"elementor-widget-container\">\n\t\t\t\t\t\t\t\t<div class=\"elementor-image\">\n\t\t\t\t\t\t\t\t\t\t\t\t<img decoding=\"async\" width=\"800\" height=\"33\" src=\"https:\/\/alt.gffb.de\/wp-content\/uploads\/2020\/02\/Farben-1024x42.jpg\" class=\"attachment-large size-large wp-image-4556\" alt=\"\" loading=\"lazy\" srcset=\"https:\/\/alt.gffb.de\/wp-content\/uploads\/2020\/02\/Farben-1024x42.jpg 1024w, https:\/\/alt.gffb.de\/wp-content\/uploads\/2020\/02\/Farben-300x12.jpg 300w, https:\/\/alt.gffb.de\/wp-content\/uploads\/2020\/02\/Farben-768x31.jpg 768w, https:\/\/alt.gffb.de\/wp-content\/uploads\/2020\/02\/Farben-1536x63.jpg 1536w, https:\/\/alt.gffb.de\/wp-content\/uploads\/2020\/02\/Farben.jpg 1976w\" sizes=\"(max-width: 800px) 100vw, 800px\" \/>\t\t\t\t\t\t\t\t\t\t\t\t\t\t<\/div>\n\t\t\t\t\t\t<\/div>\n\t\t\t\t<\/div>\n\t\t\t\t\t\t<\/div>\n\t\t\t\t\t<\/div>\n\t\t<\/div>\n\t\t\t\t\t\t\t\t<\/div>\n\t\t\t\t\t<\/div>\n\t\t<\/section>\n\t\t\t\t\t\t<\/div>\n\t\t\t\t\t<\/div>\n\t\t<\/div>\n\t\t\t\t\t\t\t\t<\/div>\n\t\t\t\t\t<\/div>\n\t\t<\/section>\n\t\t\t\t\t\t\t\t\t<\/div>\n\t\t\t<\/div>\n\t\t\t\t\t<\/div>\n\t\t","protected":false},"excerpt":{"rendered":"<p>Team Diversity &#038; Democracy The GFFB is one of the first signatories of the Charter of Diversity and has thus a made a conscious and voluntary commitment to live the principle of the charter in our organisation. With a team of diversity officers*, the topic of diversity has become a central and important part of [&hellip;]<\/p>\n","protected":false},"author":13,"featured_media":11898,"parent":0,"menu_order":0,"comment_status":"closed","ping_status":"closed","template":"","meta":[],"yoast_head":"<!-- This site is optimized with the Yoast SEO plugin v20.9 - https:\/\/yoast.com\/wordpress\/plugins\/seo\/ -->\n<title>Team Diversity &amp; Democracy - GFFB gGmbH Frankfurt<\/title>\n<meta name=\"robots\" content=\"index, follow, max-snippet:-1, max-image-preview:large, max-video-preview:-1\" \/>\n<link rel=\"canonical\" href=\"https:\/\/alt.gffb.de\/wir-ueber-uns\/teams\/team-diversitaet-demokratie\/\" \/>\n<meta property=\"og:locale\" content=\"en_US\" \/>\n<meta property=\"og:type\" content=\"article\" \/>\n<meta property=\"og:title\" content=\"Team Diversity &amp; Democracy - GFFB gGmbH Frankfurt\" \/>\n<meta property=\"og:description\" content=\"Team Diversity &#038; Democracy The GFFB is one of the first signatories of the Charter of Diversity and has thus a made a conscious and voluntary commitment to live the principle of the charter in our organisation. With a team of diversity officers*, the topic of diversity has become a central and important part of [&hellip;]\" \/>\n<meta property=\"og:url\" content=\"https:\/\/alt.gffb.de\/wir-ueber-uns\/teams\/team-diversitaet-demokratie\/\" \/>\n<meta property=\"og:site_name\" content=\"GFFB gGmbH Frankfurt\" \/>\n<meta property=\"article:publisher\" content=\"https:\/\/de-de.facebook.com\/pages\/category\/Nonprofit-Organization\/GFFB-gemeinn%c3%bctzige-GmbH-133859759976937\/\" \/>\n<meta property=\"article:modified_time\" content=\"2021-07-16T05:11:50+00:00\" \/>\n<meta property=\"og:image\" content=\"https:\/\/alt.gffb.de\/wp-content\/uploads\/2020\/10\/Diversity-Frankfurt.jpg\" \/>\n\t<meta property=\"og:image:width\" content=\"1000\" \/>\n\t<meta property=\"og:image:height\" content=\"667\" \/>\n\t<meta property=\"og:image:type\" content=\"image\/jpeg\" \/>\n<meta name=\"twitter:card\" content=\"summary_large_image\" \/>\n<meta name=\"twitter:site\" content=\"@gffbfrankfurt\" \/>\n<meta name=\"twitter:label1\" content=\"Est. reading time\" \/>\n\t<meta name=\"twitter:data1\" content=\"3 minutes\" \/>\n<script type=\"application\/ld+json\" class=\"yoast-schema-graph\">{\"@context\":\"https:\/\/schema.org\",\"@graph\":[{\"@type\":\"WebPage\",\"@id\":\"https:\/\/alt.gffb.de\/wir-ueber-uns\/teams\/team-diversitaet-demokratie\/\",\"url\":\"https:\/\/alt.gffb.de\/wir-ueber-uns\/teams\/team-diversitaet-demokratie\/\",\"name\":\"Team Diversity & Democracy - GFFB gGmbH Frankfurt\",\"isPartOf\":{\"@id\":\"https:\/\/alt.gffb.de\/#website\"},\"datePublished\":\"2020-10-14T16:18:02+00:00\",\"dateModified\":\"2021-07-16T05:11:50+00:00\",\"breadcrumb\":{\"@id\":\"https:\/\/alt.gffb.de\/wir-ueber-uns\/teams\/team-diversitaet-demokratie\/#breadcrumb\"},\"inLanguage\":\"en-US\",\"potentialAction\":[{\"@type\":\"ReadAction\",\"target\":[\"https:\/\/alt.gffb.de\/wir-ueber-uns\/teams\/team-diversitaet-demokratie\/\"]}]},{\"@type\":\"BreadcrumbList\",\"@id\":\"https:\/\/alt.gffb.de\/wir-ueber-uns\/teams\/team-diversitaet-demokratie\/#breadcrumb\",\"itemListElement\":[{\"@type\":\"ListItem\",\"position\":1,\"name\":\"Startseite\",\"item\":\"https:\/\/alt.gffb.de\/\"},{\"@type\":\"ListItem\",\"position\":2,\"name\":\"Team Diversity &#038; Democracy\"}]},{\"@type\":\"WebSite\",\"@id\":\"https:\/\/alt.gffb.de\/#website\",\"url\":\"https:\/\/alt.gffb.de\/\",\"name\":\"GFFB gGmbH Frankfurt\",\"description\":\"Bildungs- und Beratungsunternehmen in Frankfurt am Main. Die GFFB bietet vielf\u00e4ltige Angebote f\u00fcr Frankfurter Familien, Unternehmen und G\u00e4ste der Stadt.\",\"publisher\":{\"@id\":\"https:\/\/alt.gffb.de\/#organization\"},\"potentialAction\":[{\"@type\":\"SearchAction\",\"target\":{\"@type\":\"EntryPoint\",\"urlTemplate\":\"https:\/\/alt.gffb.de\/?s={search_term_string}\"},\"query-input\":\"required name=search_term_string\"}],\"inLanguage\":\"en-US\"},{\"@type\":\"Organization\",\"@id\":\"https:\/\/alt.gffb.de\/#organization\",\"name\":\"GFFB gGmbH Frankfurt\",\"url\":\"https:\/\/alt.gffb.de\/\",\"logo\":{\"@type\":\"ImageObject\",\"inLanguage\":\"en-US\",\"@id\":\"https:\/\/alt.gffb.de\/#\/schema\/logo\/image\/\",\"url\":\"https:\/\/www.gffb.de\/wp-content\/uploads\/2019\/11\/GFFB-standort.jpg\",\"contentUrl\":\"https:\/\/www.gffb.de\/wp-content\/uploads\/2019\/11\/GFFB-standort.jpg\",\"width\":144,\"height\":142,\"caption\":\"GFFB gGmbH Frankfurt\"},\"image\":{\"@id\":\"https:\/\/alt.gffb.de\/#\/schema\/logo\/image\/\"},\"sameAs\":[\"https:\/\/de-de.facebook.com\/pages\/category\/Nonprofit-Organization\/GFFB-gemeinn\u00fctzige-GmbH-133859759976937\/\",\"https:\/\/twitter.com\/gffbfrankfurt\",\"https:\/\/www.instagram.com\/gffb_gemeinnuetzige_gmbh\/\",\"https:\/\/www.pinterest.de\/gffb_frankfurt\/\",\"https:\/\/www.youtube.com\/channel\/UCwSay9PlSLSWt3F41Diq2ww\/videos\"]}]}<\/script>\n<!-- \/ Yoast SEO plugin. -->","yoast_head_json":{"title":"Team Diversity & Democracy - GFFB gGmbH Frankfurt","robots":{"index":"index","follow":"follow","max-snippet":"max-snippet:-1","max-image-preview":"max-image-preview:large","max-video-preview":"max-video-preview:-1"},"canonical":"https:\/\/alt.gffb.de\/wir-ueber-uns\/teams\/team-diversitaet-demokratie\/","og_locale":"en_US","og_type":"article","og_title":"Team Diversity & Democracy - GFFB gGmbH Frankfurt","og_description":"Team Diversity &#038; Democracy The GFFB is one of the first signatories of the Charter of Diversity and has thus a made a conscious and voluntary commitment to live the principle of the charter in our organisation. With a team of diversity officers*, the topic of diversity has become a central and important part of [&hellip;]","og_url":"https:\/\/alt.gffb.de\/wir-ueber-uns\/teams\/team-diversitaet-demokratie\/","og_site_name":"GFFB gGmbH Frankfurt","article_publisher":"https:\/\/de-de.facebook.com\/pages\/category\/Nonprofit-Organization\/GFFB-gemeinn%c3%bctzige-GmbH-133859759976937\/","article_modified_time":"2021-07-16T05:11:50+00:00","og_image":[{"width":1000,"height":667,"url":"https:\/\/alt.gffb.de\/wp-content\/uploads\/2020\/10\/Diversity-Frankfurt.jpg","type":"image\/jpeg"}],"twitter_card":"summary_large_image","twitter_site":"@gffbfrankfurt","twitter_misc":{"Est. reading time":"3 minutes"},"schema":{"@context":"https:\/\/schema.org","@graph":[{"@type":"WebPage","@id":"https:\/\/alt.gffb.de\/wir-ueber-uns\/teams\/team-diversitaet-demokratie\/","url":"https:\/\/alt.gffb.de\/wir-ueber-uns\/teams\/team-diversitaet-demokratie\/","name":"Team Diversity & Democracy - GFFB gGmbH Frankfurt","isPartOf":{"@id":"https:\/\/alt.gffb.de\/#website"},"datePublished":"2020-10-14T16:18:02+00:00","dateModified":"2021-07-16T05:11:50+00:00","breadcrumb":{"@id":"https:\/\/alt.gffb.de\/wir-ueber-uns\/teams\/team-diversitaet-demokratie\/#breadcrumb"},"inLanguage":"en-US","potentialAction":[{"@type":"ReadAction","target":["https:\/\/alt.gffb.de\/wir-ueber-uns\/teams\/team-diversitaet-demokratie\/"]}]},{"@type":"BreadcrumbList","@id":"https:\/\/alt.gffb.de\/wir-ueber-uns\/teams\/team-diversitaet-demokratie\/#breadcrumb","itemListElement":[{"@type":"ListItem","position":1,"name":"Startseite","item":"https:\/\/alt.gffb.de\/"},{"@type":"ListItem","position":2,"name":"Team Diversity &#038; Democracy"}]},{"@type":"WebSite","@id":"https:\/\/alt.gffb.de\/#website","url":"https:\/\/alt.gffb.de\/","name":"GFFB gGmbH Frankfurt","description":"Bildungs- und Beratungsunternehmen in Frankfurt am Main. Die GFFB bietet vielf\u00e4ltige Angebote f\u00fcr Frankfurter Familien, Unternehmen und G\u00e4ste der Stadt.","publisher":{"@id":"https:\/\/alt.gffb.de\/#organization"},"potentialAction":[{"@type":"SearchAction","target":{"@type":"EntryPoint","urlTemplate":"https:\/\/alt.gffb.de\/?s={search_term_string}"},"query-input":"required name=search_term_string"}],"inLanguage":"en-US"},{"@type":"Organization","@id":"https:\/\/alt.gffb.de\/#organization","name":"GFFB gGmbH Frankfurt","url":"https:\/\/alt.gffb.de\/","logo":{"@type":"ImageObject","inLanguage":"en-US","@id":"https:\/\/alt.gffb.de\/#\/schema\/logo\/image\/","url":"https:\/\/www.gffb.de\/wp-content\/uploads\/2019\/11\/GFFB-standort.jpg","contentUrl":"https:\/\/www.gffb.de\/wp-content\/uploads\/2019\/11\/GFFB-standort.jpg","width":144,"height":142,"caption":"GFFB gGmbH Frankfurt"},"image":{"@id":"https:\/\/alt.gffb.de\/#\/schema\/logo\/image\/"},"sameAs":["https:\/\/de-de.facebook.com\/pages\/category\/Nonprofit-Organization\/GFFB-gemeinn\u00fctzige-GmbH-133859759976937\/","https:\/\/twitter.com\/gffbfrankfurt","https:\/\/www.instagram.com\/gffb_gemeinnuetzige_gmbh\/","https:\/\/www.pinterest.de\/gffb_frankfurt\/","https:\/\/www.youtube.com\/channel\/UCwSay9PlSLSWt3F41Diq2ww\/videos"]}]}},"_links":{"self":[{"href":"https:\/\/alt.gffb.de\/en\/wp-json\/wp\/v2\/pages\/11895"}],"collection":[{"href":"https:\/\/alt.gffb.de\/en\/wp-json\/wp\/v2\/pages"}],"about":[{"href":"https:\/\/alt.gffb.de\/en\/wp-json\/wp\/v2\/types\/page"}],"author":[{"embeddable":true,"href":"https:\/\/alt.gffb.de\/en\/wp-json\/wp\/v2\/users\/13"}],"replies":[{"embeddable":true,"href":"https:\/\/alt.gffb.de\/en\/wp-json\/wp\/v2\/comments?post=11895"}],"version-history":[{"count":4,"href":"https:\/\/alt.gffb.de\/en\/wp-json\/wp\/v2\/pages\/11895\/revisions"}],"predecessor-version":[{"id":16406,"href":"https:\/\/alt.gffb.de\/en\/wp-json\/wp\/v2\/pages\/11895\/revisions\/16406"}],"wp:featuredmedia":[{"embeddable":true,"href":"https:\/\/alt.gffb.de\/en\/wp-json\/wp\/v2\/media\/11898"}],"wp:attachment":[{"href":"https:\/\/alt.gffb.de\/en\/wp-json\/wp\/v2\/media?parent=11895"}],"curies":[{"name":"wp","href":"https:\/\/api.w.org\/{rel}","templated":true}]}}