{"id":4613,"date":"2020-02-10T11:25:33","date_gmt":"2020-02-10T10:25:33","guid":{"rendered":"https:\/\/www.gffb.de\/angebote-en\/"},"modified":"2020-06-22T15:35:10","modified_gmt":"2020-06-22T13:35:10","slug":"services","status":"publish","type":"page","link":"https:\/\/alt.gffb.de\/en\/services\/","title":{"rendered":"Angebote EN"},"content":{"rendered":"\t\t<div data-elementor-type=\"wp-page\" data-elementor-id=\"4613\" class=\"elementor elementor-4613 elementor-720\" data-elementor-post-type=\"page\">\n\t\t\t\t\t\t<div class=\"elementor-inner\">\n\t\t\t\t<div class=\"elementor-section-wrap\">\n\t\t\t\t\t\t\t\t\t<section class=\"elementor-section elementor-top-section elementor-element elementor-element-45e34c8f elementor-section-boxed elementor-section-height-default elementor-section-height-default\" data-id=\"45e34c8f\" data-element_type=\"section\" data-settings=\"{&quot;background_background&quot;:&quot;classic&quot;}\">\n\t\t\t\t\t\t<div class=\"elementor-container elementor-column-gap-default\">\n\t\t\t\t\t\t\t<div class=\"elementor-row\">\n\t\t\t\t\t<div class=\"elementor-column elementor-col-100 elementor-top-column elementor-element elementor-element-6854006b\" data-id=\"6854006b\" data-element_type=\"column\">\n\t\t\t<div class=\"elementor-column-wrap elementor-element-populated\">\n\t\t\t\t\t\t\t<div class=\"elementor-widget-wrap\">\n\t\t\t\t\t\t<div class=\"elementor-element elementor-element-51baaec4 elementor-widget elementor-widget-spacer\" data-id=\"51baaec4\" data-element_type=\"widget\" data-widget_type=\"spacer.default\">\n\t\t\t\t<div class=\"elementor-widget-container\">\n\t\t\t\t\t<div class=\"elementor-spacer\">\n\t\t\t<div class=\"elementor-spacer-inner\"><\/div>\n\t\t<\/div>\n\t\t\t\t<\/div>\n\t\t\t\t<\/div>\n\t\t\t\t\t\t<\/div>\n\t\t\t\t\t<\/div>\n\t\t<\/div>\n\t\t\t\t\t\t\t\t<\/div>\n\t\t\t\t\t<\/div>\n\t\t<\/section>\n\t\t\t\t<section class=\"elementor-section elementor-top-section elementor-element elementor-element-4fd5b244 elementor-section-boxed elementor-section-height-default elementor-section-height-default\" data-id=\"4fd5b244\" data-element_type=\"section\">\n\t\t\t\t\t\t<div class=\"elementor-container elementor-column-gap-default\">\n\t\t\t\t\t\t\t<div class=\"elementor-row\">\n\t\t\t\t\t<div class=\"elementor-column elementor-col-100 elementor-top-column elementor-element elementor-element-766a1896\" data-id=\"766a1896\" data-element_type=\"column\">\n\t\t\t<div class=\"elementor-column-wrap elementor-element-populated\">\n\t\t\t\t\t\t\t<div class=\"elementor-widget-wrap\">\n\t\t\t\t\t\t<div class=\"elementor-element elementor-element-18655ca3 elementor-widget elementor-widget-heading\" data-id=\"18655ca3\" data-element_type=\"widget\" data-widget_type=\"heading.default\">\n\t\t\t\t<div class=\"elementor-widget-container\">\n\t\t\t<h1 class=\"elementor-heading-title elementor-size-default\">Angebote EN<\/h1>\t\t<\/div>\n\t\t\t\t<\/div>\n\t\t\t\t<div class=\"elementor-element elementor-element-2c1250c8 elementor-widget elementor-widget-text-editor\" data-id=\"2c1250c8\" data-element_type=\"widget\" data-widget_type=\"text-editor.default\">\n\t\t\t\t<div class=\"elementor-widget-container\">\n\t\t\t\t\t\t\t\t<div class=\"elementor-text-editor elementor-clearfix\">\n\t\t\t\t<p>Wenn Sie einen Berufsabschluss anstreben oder unsere Weiterbildungsm\u00f6glichkeiten kennen lernen wollen, orientieren Sie sich im Bereich Qualifizierung.<\/p>\n<p>Unter Services erhalten Sie eine \u00dcbersicht der Angebote f\u00fcr Bewohnerinnen und Bewohner, G\u00e4ste, Unternehmen und Organisationen in Frankfurt-Rhein-Main.<\/p>\n<p>Im Bereich Coaching finden Sie unsere Angebote, die Sie im Prozess Ihrer beruflichen und\/oder pers\u00f6nlichen Neuorientierung unterst\u00fctzen. Selbstverst\u00e4ndlich k\u00f6nnen diese Angebote auch Unternehmen im Rahmen der Personalentwicklung f\u00fcr ihre Mitarbeiterinnen und Mitarbeiter nutzen.<\/p>\n<p>Unsere Arbeitsmarktprojekte richten sich an Menschen, die schon etwas l\u00e4nger erwerbslos sind und sich in unterschiedlichen Arbeitsbereichen erproben wollen. Ihnen bieten wir eine Vielzahl unterschiedlicher M\u00f6glichkeiten.<\/p>\n\t\t\t\t\t<\/div>\n\t\t\t\t\t\t<\/div>\n\t\t\t\t<\/div>\n\t\t\t\t\t\t<\/div>\n\t\t\t\t\t<\/div>\n\t\t<\/div>\n\t\t\t\t\t\t\t\t<\/div>\n\t\t\t\t\t<\/div>\n\t\t<\/section>\n\t\t\t\t<section class=\"elementor-section elementor-top-section elementor-element elementor-element-11ee4728 elementor-section-boxed elementor-section-height-default elementor-section-height-default\" data-id=\"11ee4728\" data-element_type=\"section\">\n\t\t\t\t\t\t<div class=\"elementor-container elementor-column-gap-default\">\n\t\t\t\t\t\t\t<div class=\"elementor-row\">\n\t\t\t\t\t<div class=\"elementor-column elementor-col-33 elementor-top-column elementor-element elementor-element-3eb5b4d5\" data-id=\"3eb5b4d5\" data-element_type=\"column\">\n\t\t\t<div class=\"elementor-column-wrap elementor-element-populated\">\n\t\t\t\t\t\t\t<div class=\"elementor-widget-wrap\">\n\t\t\t\t\t\t<div class=\"elementor-element elementor-element-340f2106 elementor-widget elementor-widget-heading\" data-id=\"340f2106\" data-element_type=\"widget\" data-widget_type=\"heading.default\">\n\t\t\t\t<div class=\"elementor-widget-container\">\n\t\t\t<h4 class=\"elementor-heading-title elementor-size-default\">Aktivierung<\/h4>\t\t<\/div>\n\t\t\t\t<\/div>\n\t\t\t\t<div class=\"elementor-element elementor-element-26fe585e elementor-widget elementor-widget-image\" data-id=\"26fe585e\" data-element_type=\"widget\" data-widget_type=\"image.default\">\n\t\t\t\t<div class=\"elementor-widget-container\">\n\t\t\t\t\t\t\t\t<div class=\"elementor-image\">\n\t\t\t\t\t\t\t\t\t\t\t\t\t<a href=\"\/?page_id=670\">\n\t\t\t\t\t\t\t<img decoding=\"async\" width=\"500\" height=\"334\" src=\"https:\/\/alt.gffb.de\/wp-content\/uploads\/2019\/06\/7_aktivierung.jpg\" class=\"attachment-large size-large wp-image-4265\" alt=\"\" loading=\"lazy\" srcset=\"https:\/\/alt.gffb.de\/wp-content\/uploads\/2019\/06\/7_aktivierung.jpg 500w, https:\/\/alt.gffb.de\/wp-content\/uploads\/2019\/06\/7_aktivierung-300x200.jpg 300w\" sizes=\"(max-width: 500px) 100vw, 500px\" \/>\t\t\t\t\t\t\t\t<\/a>\n\t\t\t\t\t\t\t\t\t\t\t\t\t\t<\/div>\n\t\t\t\t\t\t<\/div>\n\t\t\t\t<\/div>\n\t\t\t\t\t\t<\/div>\n\t\t\t\t\t<\/div>\n\t\t<\/div>\n\t\t\t\t<div class=\"elementor-column elementor-col-33 elementor-top-column elementor-element elementor-element-462804af\" data-id=\"462804af\" data-element_type=\"column\">\n\t\t\t<div class=\"elementor-column-wrap elementor-element-populated\">\n\t\t\t\t\t\t\t<div class=\"elementor-widget-wrap\">\n\t\t\t\t\t\t<div class=\"elementor-element elementor-element-1441abfa elementor-widget elementor-widget-heading\" data-id=\"1441abfa\" data-element_type=\"widget\" data-widget_type=\"heading.default\">\n\t\t\t\t<div class=\"elementor-widget-container\">\n\t\t\t<h4 class=\"elementor-heading-title elementor-size-default\">Qualifizierung<\/h4>\t\t<\/div>\n\t\t\t\t<\/div>\n\t\t\t\t<div class=\"elementor-element elementor-element-5d902bc9 elementor-widget elementor-widget-image\" data-id=\"5d902bc9\" data-element_type=\"widget\" data-widget_type=\"image.default\">\n\t\t\t\t<div class=\"elementor-widget-container\">\n\t\t\t\t\t\t\t\t<div class=\"elementor-image\">\n\t\t\t\t\t\t\t\t\t\t\t\t\t<a href=\"\/?page_id=698\">\n\t\t\t\t\t\t\t<img decoding=\"async\" width=\"500\" height=\"333\" src=\"https:\/\/alt.gffb.de\/wp-content\/uploads\/2019\/06\/4_qualifizierung.jpg\" class=\"attachment-large size-large wp-image-4261\" alt=\"\" loading=\"lazy\" srcset=\"https:\/\/alt.gffb.de\/wp-content\/uploads\/2019\/06\/4_qualifizierung.jpg 500w, https:\/\/alt.gffb.de\/wp-content\/uploads\/2019\/06\/4_qualifizierung-300x200.jpg 300w\" sizes=\"(max-width: 500px) 100vw, 500px\" \/>\t\t\t\t\t\t\t\t<\/a>\n\t\t\t\t\t\t\t\t\t\t\t\t\t\t<\/div>\n\t\t\t\t\t\t<\/div>\n\t\t\t\t<\/div>\n\t\t\t\t\t\t<\/div>\n\t\t\t\t\t<\/div>\n\t\t<\/div>\n\t\t\t\t<div class=\"elementor-column elementor-col-33 elementor-top-column elementor-element elementor-element-31d0c8be\" data-id=\"31d0c8be\" data-element_type=\"column\">\n\t\t\t<div class=\"elementor-column-wrap elementor-element-populated\">\n\t\t\t\t\t\t\t<div class=\"elementor-widget-wrap\">\n\t\t\t\t\t\t<div class=\"elementor-element elementor-element-4a17870b elementor-widget elementor-widget-heading\" data-id=\"4a17870b\" data-element_type=\"widget\" data-widget_type=\"heading.default\">\n\t\t\t\t<div class=\"elementor-widget-container\">\n\t\t\t<h4 class=\"elementor-heading-title elementor-size-default\">Coaching<\/h4>\t\t<\/div>\n\t\t\t\t<\/div>\n\t\t\t\t<div class=\"elementor-element elementor-element-52e81e02 elementor-widget elementor-widget-image\" data-id=\"52e81e02\" data-element_type=\"widget\" data-widget_type=\"image.default\">\n\t\t\t\t<div class=\"elementor-widget-container\">\n\t\t\t\t\t\t\t\t<div class=\"elementor-image\">\n\t\t\t\t\t\t\t\t\t\t\t\t\t<a href=\"\/?page_id=724\">\n\t\t\t\t\t\t\t<img decoding=\"async\" width=\"500\" height=\"333\" src=\"https:\/\/alt.gffb.de\/wp-content\/uploads\/2019\/06\/6_coaching.jpg\" class=\"attachment-large size-large wp-image-4264\" alt=\"\" loading=\"lazy\" srcset=\"https:\/\/alt.gffb.de\/wp-content\/uploads\/2019\/06\/6_coaching.jpg 500w, https:\/\/alt.gffb.de\/wp-content\/uploads\/2019\/06\/6_coaching-300x200.jpg 300w\" sizes=\"(max-width: 500px) 100vw, 500px\" \/>\t\t\t\t\t\t\t\t<\/a>\n\t\t\t\t\t\t\t\t\t\t\t\t\t\t<\/div>\n\t\t\t\t\t\t<\/div>\n\t\t\t\t<\/div>\n\t\t\t\t\t\t<\/div>\n\t\t\t\t\t<\/div>\n\t\t<\/div>\n\t\t\t\t\t\t\t\t<\/div>\n\t\t\t\t\t<\/div>\n\t\t<\/section>\n\t\t\t\t<section class=\"elementor-section elementor-top-section elementor-element elementor-element-537cf5d8 elementor-section-boxed elementor-section-height-default elementor-section-height-default\" data-id=\"537cf5d8\" data-element_type=\"section\">\n\t\t\t\t\t\t<div class=\"elementor-container elementor-column-gap-default\">\n\t\t\t\t\t\t\t<div class=\"elementor-row\">\n\t\t\t\t\t<div class=\"elementor-column elementor-col-33 elementor-top-column elementor-element elementor-element-6e70b3b9\" data-id=\"6e70b3b9\" data-element_type=\"column\">\n\t\t\t<div class=\"elementor-column-wrap elementor-element-populated\">\n\t\t\t\t\t\t\t<div class=\"elementor-widget-wrap\">\n\t\t\t\t\t\t<div class=\"elementor-element elementor-element-6588aa36 elementor-widget elementor-widget-heading\" data-id=\"6588aa36\" data-element_type=\"widget\" data-widget_type=\"heading.default\">\n\t\t\t\t<div class=\"elementor-widget-container\">\n\t\t\t<h4 class=\"elementor-heading-title elementor-size-default\">Angebote f\u00fcr Unternehmen<\/h4>\t\t<\/div>\n\t\t\t\t<\/div>\n\t\t\t\t<div class=\"elementor-element elementor-element-37d76255 elementor-widget elementor-widget-image\" data-id=\"37d76255\" data-element_type=\"widget\" data-widget_type=\"image.default\">\n\t\t\t\t<div class=\"elementor-widget-container\">\n\t\t\t\t\t\t\t\t<div class=\"elementor-image\">\n\t\t\t\t\t\t\t\t\t\t\t\t\t<a href=\"\/?page_id=728\">\n\t\t\t\t\t\t\t<img decoding=\"async\" width=\"500\" height=\"324\" src=\"https:\/\/alt.gffb.de\/wp-content\/uploads\/2019\/06\/9_unternehmen.jpg\" class=\"attachment-large size-large wp-image-4267\" alt=\"\" loading=\"lazy\" srcset=\"https:\/\/alt.gffb.de\/wp-content\/uploads\/2019\/06\/9_unternehmen.jpg 500w, https:\/\/alt.gffb.de\/wp-content\/uploads\/2019\/06\/9_unternehmen-300x194.jpg 300w\" sizes=\"(max-width: 500px) 100vw, 500px\" \/>\t\t\t\t\t\t\t\t<\/a>\n\t\t\t\t\t\t\t\t\t\t\t\t\t\t<\/div>\n\t\t\t\t\t\t<\/div>\n\t\t\t\t<\/div>\n\t\t\t\t\t\t<\/div>\n\t\t\t\t\t<\/div>\n\t\t<\/div>\n\t\t\t\t<div class=\"elementor-column elementor-col-33 elementor-top-column elementor-element elementor-element-3dbfafaa\" data-id=\"3dbfafaa\" data-element_type=\"column\">\n\t\t\t<div class=\"elementor-column-wrap elementor-element-populated\">\n\t\t\t\t\t\t\t<div class=\"elementor-widget-wrap\">\n\t\t\t\t\t\t<div class=\"elementor-element elementor-element-6469f014 elementor-widget elementor-widget-heading\" data-id=\"6469f014\" data-element_type=\"widget\" data-widget_type=\"heading.default\">\n\t\t\t\t<div class=\"elementor-widget-container\">\n\t\t\t<h4 class=\"elementor-heading-title elementor-size-default\">Angebote f\u00fcr B\u00fcrger*innen<\/h4>\t\t<\/div>\n\t\t\t\t<\/div>\n\t\t\t\t<div class=\"elementor-element elementor-element-2b07ad59 elementor-widget elementor-widget-image\" data-id=\"2b07ad59\" data-element_type=\"widget\" data-widget_type=\"image.default\">\n\t\t\t\t<div class=\"elementor-widget-container\">\n\t\t\t\t\t\t\t\t<div class=\"elementor-image\">\n\t\t\t\t\t\t\t\t\t\t\t\t\t<a href=\"\/?page_id=757\">\n\t\t\t\t\t\t\t<img decoding=\"async\" width=\"500\" height=\"324\" src=\"https:\/\/alt.gffb.de\/wp-content\/uploads\/2020\/02\/GFFB-Frankfurt-Buergeri_nnen.jpg\" class=\"attachment-large size-large wp-image-4559\" alt=\"\" loading=\"lazy\" srcset=\"https:\/\/alt.gffb.de\/wp-content\/uploads\/2020\/02\/GFFB-Frankfurt-Buergeri_nnen.jpg 500w, https:\/\/alt.gffb.de\/wp-content\/uploads\/2020\/02\/GFFB-Frankfurt-Buergeri_nnen-300x194.jpg 300w\" sizes=\"(max-width: 500px) 100vw, 500px\" \/>\t\t\t\t\t\t\t\t<\/a>\n\t\t\t\t\t\t\t\t\t\t\t\t\t\t<\/div>\n\t\t\t\t\t\t<\/div>\n\t\t\t\t<\/div>\n\t\t\t\t\t\t<\/div>\n\t\t\t\t\t<\/div>\n\t\t<\/div>\n\t\t\t\t<div class=\"elementor-column elementor-col-33 elementor-top-column elementor-element elementor-element-3272de88\" data-id=\"3272de88\" data-element_type=\"column\">\n\t\t\t<div class=\"elementor-column-wrap\">\n\t\t\t\t\t\t\t<div class=\"elementor-widget-wrap\">\n\t\t\t\t\t\t\t\t<\/div>\n\t\t\t\t\t<\/div>\n\t\t<\/div>\n\t\t\t\t\t\t\t\t<\/div>\n\t\t\t\t\t<\/div>\n\t\t<\/section>\n\t\t\t\t\t\t\t\t\t<\/div>\n\t\t\t<\/div>\n\t\t\t\t\t<\/div>\n\t\t","protected":false},"excerpt":{"rendered":"<p>Angebote EN Wenn Sie einen Berufsabschluss anstreben oder unsere Weiterbildungsm\u00f6glichkeiten kennen lernen wollen, orientieren Sie sich im Bereich Qualifizierung. Unter Services erhalten Sie eine \u00dcbersicht der Angebote f\u00fcr Bewohnerinnen und Bewohner, G\u00e4ste, Unternehmen und Organisationen in Frankfurt-Rhein-Main. Im Bereich Coaching finden Sie unsere Angebote, die Sie im Prozess Ihrer beruflichen und\/oder pers\u00f6nlichen Neuorientierung unterst\u00fctzen. Selbstverst\u00e4ndlich [&hellip;]<\/p>\n","protected":false},"author":13,"featured_media":0,"parent":0,"menu_order":0,"comment_status":"closed","ping_status":"closed","template":"","meta":[],"yoast_head":"<!-- This site is optimized with the Yoast SEO plugin v20.9 - https:\/\/yoast.com\/wordpress\/plugins\/seo\/ -->\n<title>Angebote EN - GFFB gGmbH Frankfurt<\/title>\n<meta name=\"robots\" content=\"index, follow, max-snippet:-1, max-image-preview:large, max-video-preview:-1\" \/>\n<link rel=\"canonical\" href=\"https:\/\/alt.gffb.de\/angebote\/\" \/>\n<meta property=\"og:locale\" content=\"en_US\" \/>\n<meta property=\"og:type\" content=\"article\" \/>\n<meta property=\"og:title\" content=\"Angebote EN - GFFB gGmbH Frankfurt\" \/>\n<meta property=\"og:description\" content=\"Angebote EN Wenn Sie einen Berufsabschluss anstreben oder unsere Weiterbildungsm\u00f6glichkeiten kennen lernen wollen, orientieren Sie sich im Bereich Qualifizierung. Unter Services erhalten Sie eine \u00dcbersicht der Angebote f\u00fcr Bewohnerinnen und Bewohner, G\u00e4ste, Unternehmen und Organisationen in Frankfurt-Rhein-Main. Im Bereich Coaching finden Sie unsere Angebote, die Sie im Prozess Ihrer beruflichen und\/oder pers\u00f6nlichen Neuorientierung unterst\u00fctzen. Selbstverst\u00e4ndlich [&hellip;]\" \/>\n<meta property=\"og:url\" content=\"https:\/\/alt.gffb.de\/angebote\/\" \/>\n<meta property=\"og:site_name\" content=\"GFFB gGmbH Frankfurt\" \/>\n<meta property=\"article:publisher\" content=\"https:\/\/de-de.facebook.com\/pages\/category\/Nonprofit-Organization\/GFFB-gemeinn%c3%bctzige-GmbH-133859759976937\/\" \/>\n<meta property=\"article:modified_time\" content=\"2020-06-22T13:35:10+00:00\" \/>\n<meta property=\"og:image\" content=\"https:\/\/www.gffb.de\/wp-content\/uploads\/2019\/06\/7_aktivierung.jpg\" \/>\n<meta name=\"twitter:card\" content=\"summary_large_image\" \/>\n<meta name=\"twitter:site\" content=\"@gffbfrankfurt\" \/>\n<meta name=\"twitter:label1\" content=\"Est. reading time\" \/>\n\t<meta name=\"twitter:data1\" content=\"1 minute\" \/>\n<script type=\"application\/ld+json\" class=\"yoast-schema-graph\">{\"@context\":\"https:\/\/schema.org\",\"@graph\":[{\"@type\":\"WebPage\",\"@id\":\"https:\/\/alt.gffb.de\/angebote\/\",\"url\":\"https:\/\/alt.gffb.de\/angebote\/\",\"name\":\"Angebote EN - GFFB gGmbH Frankfurt\",\"isPartOf\":{\"@id\":\"https:\/\/alt.gffb.de\/#website\"},\"datePublished\":\"2020-02-10T10:25:33+00:00\",\"dateModified\":\"2020-06-22T13:35:10+00:00\",\"breadcrumb\":{\"@id\":\"https:\/\/alt.gffb.de\/angebote\/#breadcrumb\"},\"inLanguage\":\"en-US\",\"potentialAction\":[{\"@type\":\"ReadAction\",\"target\":[\"https:\/\/alt.gffb.de\/angebote\/\"]}]},{\"@type\":\"BreadcrumbList\",\"@id\":\"https:\/\/alt.gffb.de\/angebote\/#breadcrumb\",\"itemListElement\":[{\"@type\":\"ListItem\",\"position\":1,\"name\":\"Startseite\",\"item\":\"https:\/\/alt.gffb.de\/\"},{\"@type\":\"ListItem\",\"position\":2,\"name\":\"Angebote EN\"}]},{\"@type\":\"WebSite\",\"@id\":\"https:\/\/alt.gffb.de\/#website\",\"url\":\"https:\/\/alt.gffb.de\/\",\"name\":\"GFFB gGmbH Frankfurt\",\"description\":\"Bildungs- und Beratungsunternehmen in Frankfurt am Main. Die GFFB bietet vielf\u00e4ltige Angebote f\u00fcr Frankfurter Familien, Unternehmen und G\u00e4ste der Stadt.\",\"publisher\":{\"@id\":\"https:\/\/alt.gffb.de\/#organization\"},\"potentialAction\":[{\"@type\":\"SearchAction\",\"target\":{\"@type\":\"EntryPoint\",\"urlTemplate\":\"https:\/\/alt.gffb.de\/?s={search_term_string}\"},\"query-input\":\"required name=search_term_string\"}],\"inLanguage\":\"en-US\"},{\"@type\":\"Organization\",\"@id\":\"https:\/\/alt.gffb.de\/#organization\",\"name\":\"GFFB gGmbH Frankfurt\",\"url\":\"https:\/\/alt.gffb.de\/\",\"logo\":{\"@type\":\"ImageObject\",\"inLanguage\":\"en-US\",\"@id\":\"https:\/\/alt.gffb.de\/#\/schema\/logo\/image\/\",\"url\":\"https:\/\/www.gffb.de\/wp-content\/uploads\/2019\/11\/GFFB-standort.jpg\",\"contentUrl\":\"https:\/\/www.gffb.de\/wp-content\/uploads\/2019\/11\/GFFB-standort.jpg\",\"width\":144,\"height\":142,\"caption\":\"GFFB gGmbH Frankfurt\"},\"image\":{\"@id\":\"https:\/\/alt.gffb.de\/#\/schema\/logo\/image\/\"},\"sameAs\":[\"https:\/\/de-de.facebook.com\/pages\/category\/Nonprofit-Organization\/GFFB-gemeinn\u00fctzige-GmbH-133859759976937\/\",\"https:\/\/twitter.com\/gffbfrankfurt\",\"https:\/\/www.instagram.com\/gffb_gemeinnuetzige_gmbh\/\",\"https:\/\/www.pinterest.de\/gffb_frankfurt\/\",\"https:\/\/www.youtube.com\/channel\/UCwSay9PlSLSWt3F41Diq2ww\/videos\"]}]}<\/script>\n<!-- \/ Yoast SEO plugin. -->","yoast_head_json":{"title":"Angebote EN - GFFB gGmbH Frankfurt","robots":{"index":"index","follow":"follow","max-snippet":"max-snippet:-1","max-image-preview":"max-image-preview:large","max-video-preview":"max-video-preview:-1"},"canonical":"https:\/\/alt.gffb.de\/angebote\/","og_locale":"en_US","og_type":"article","og_title":"Angebote EN - GFFB gGmbH Frankfurt","og_description":"Angebote EN Wenn Sie einen Berufsabschluss anstreben oder unsere Weiterbildungsm\u00f6glichkeiten kennen lernen wollen, orientieren Sie sich im Bereich Qualifizierung. Unter Services erhalten Sie eine \u00dcbersicht der Angebote f\u00fcr Bewohnerinnen und Bewohner, G\u00e4ste, Unternehmen und Organisationen in Frankfurt-Rhein-Main. Im Bereich Coaching finden Sie unsere Angebote, die Sie im Prozess Ihrer beruflichen und\/oder pers\u00f6nlichen Neuorientierung unterst\u00fctzen. Selbstverst\u00e4ndlich [&hellip;]","og_url":"https:\/\/alt.gffb.de\/angebote\/","og_site_name":"GFFB gGmbH Frankfurt","article_publisher":"https:\/\/de-de.facebook.com\/pages\/category\/Nonprofit-Organization\/GFFB-gemeinn%c3%bctzige-GmbH-133859759976937\/","article_modified_time":"2020-06-22T13:35:10+00:00","og_image":[{"url":"https:\/\/www.gffb.de\/wp-content\/uploads\/2019\/06\/7_aktivierung.jpg"}],"twitter_card":"summary_large_image","twitter_site":"@gffbfrankfurt","twitter_misc":{"Est. reading time":"1 minute"},"schema":{"@context":"https:\/\/schema.org","@graph":[{"@type":"WebPage","@id":"https:\/\/alt.gffb.de\/angebote\/","url":"https:\/\/alt.gffb.de\/angebote\/","name":"Angebote EN - GFFB gGmbH Frankfurt","isPartOf":{"@id":"https:\/\/alt.gffb.de\/#website"},"datePublished":"2020-02-10T10:25:33+00:00","dateModified":"2020-06-22T13:35:10+00:00","breadcrumb":{"@id":"https:\/\/alt.gffb.de\/angebote\/#breadcrumb"},"inLanguage":"en-US","potentialAction":[{"@type":"ReadAction","target":["https:\/\/alt.gffb.de\/angebote\/"]}]},{"@type":"BreadcrumbList","@id":"https:\/\/alt.gffb.de\/angebote\/#breadcrumb","itemListElement":[{"@type":"ListItem","position":1,"name":"Startseite","item":"https:\/\/alt.gffb.de\/"},{"@type":"ListItem","position":2,"name":"Angebote EN"}]},{"@type":"WebSite","@id":"https:\/\/alt.gffb.de\/#website","url":"https:\/\/alt.gffb.de\/","name":"GFFB gGmbH Frankfurt","description":"Bildungs- und Beratungsunternehmen in Frankfurt am Main. Die GFFB bietet vielf\u00e4ltige Angebote f\u00fcr Frankfurter Familien, Unternehmen und G\u00e4ste der Stadt.","publisher":{"@id":"https:\/\/alt.gffb.de\/#organization"},"potentialAction":[{"@type":"SearchAction","target":{"@type":"EntryPoint","urlTemplate":"https:\/\/alt.gffb.de\/?s={search_term_string}"},"query-input":"required name=search_term_string"}],"inLanguage":"en-US"},{"@type":"Organization","@id":"https:\/\/alt.gffb.de\/#organization","name":"GFFB gGmbH Frankfurt","url":"https:\/\/alt.gffb.de\/","logo":{"@type":"ImageObject","inLanguage":"en-US","@id":"https:\/\/alt.gffb.de\/#\/schema\/logo\/image\/","url":"https:\/\/www.gffb.de\/wp-content\/uploads\/2019\/11\/GFFB-standort.jpg","contentUrl":"https:\/\/www.gffb.de\/wp-content\/uploads\/2019\/11\/GFFB-standort.jpg","width":144,"height":142,"caption":"GFFB gGmbH Frankfurt"},"image":{"@id":"https:\/\/alt.gffb.de\/#\/schema\/logo\/image\/"},"sameAs":["https:\/\/de-de.facebook.com\/pages\/category\/Nonprofit-Organization\/GFFB-gemeinn\u00fctzige-GmbH-133859759976937\/","https:\/\/twitter.com\/gffbfrankfurt","https:\/\/www.instagram.com\/gffb_gemeinnuetzige_gmbh\/","https:\/\/www.pinterest.de\/gffb_frankfurt\/","https:\/\/www.youtube.com\/channel\/UCwSay9PlSLSWt3F41Diq2ww\/videos"]}]}},"_links":{"self":[{"href":"https:\/\/alt.gffb.de\/en\/wp-json\/wp\/v2\/pages\/4613"}],"collection":[{"href":"https:\/\/alt.gffb.de\/en\/wp-json\/wp\/v2\/pages"}],"about":[{"href":"https:\/\/alt.gffb.de\/en\/wp-json\/wp\/v2\/types\/page"}],"author":[{"embeddable":true,"href":"https:\/\/alt.gffb.de\/en\/wp-json\/wp\/v2\/users\/13"}],"replies":[{"embeddable":true,"href":"https:\/\/alt.gffb.de\/en\/wp-json\/wp\/v2\/comments?post=4613"}],"version-history":[{"count":6,"href":"https:\/\/alt.gffb.de\/en\/wp-json\/wp\/v2\/pages\/4613\/revisions"}],"predecessor-version":[{"id":9986,"href":"https:\/\/alt.gffb.de\/en\/wp-json\/wp\/v2\/pages\/4613\/revisions\/9986"}],"wp:attachment":[{"href":"https:\/\/alt.gffb.de\/en\/wp-json\/wp\/v2\/media?parent=4613"}],"curies":[{"name":"wp","href":"https:\/\/api.w.org\/{rel}","templated":true}]}}